{"id":8,"date":"2021-01-31T16:35:10","date_gmt":"2021-01-31T19:35:10","guid":{"rendered":"http:\/\/gruporochadelli.com.br\/?page_id=8"},"modified":"2021-04-06T15:46:22","modified_gmt":"2021-04-06T18:46:22","slug":"servicos","status":"publish","type":"page","link":"https:\/\/gruporochadelli.com.br\/index.php\/servicos\/","title":{"rendered":"SERVI\u00c7OS"},"content":{"rendered":"\n<section class=\"wp-block-uagb-section uagb-section__wrap uagb-section__background-image uagb-block-f607f48b\"><div class=\"uagb-section__overlay\"><\/div><div class=\"uagb-section__inner-wrap\">\n<p class=\"has-text-align-center has-white-color has-text-color\" style=\"font-size:33px\"><strong>Nossos Servi\u00e7os<\/strong><\/p>\n<\/div><\/section>\n\n\n\n<section class=\"wp-block-uagb-section uagb-section__wrap uagb-section__background-undefined uagb-block-a807c342\"><div class=\"uagb-section__overlay\"><\/div><div class=\"uagb-section__inner-wrap\">\n<section class=\"wp-block-uagb-columns uagb-columns__wrap uagb-columns__background-color uagb-columns__stack-tablet uagb-columns__valign-undefined uagb-columns__gap-10 alignfull uagb-block-75751d16\"><div class=\"uagb-columns__overlay\"><\/div><div class=\"uagb-columns__inner-wrap uagb-columns__columns-3\">\n<div class=\"wp-block-uagb-column uagb-column__wrap uagb-column__background-color uagb-block-023e5793\"><div class=\"uagb-column__overlay\"><\/div><div class=\"uagb-column__inner-wrap\">\n<div class=\"wp-block-uagb-info-box uagb-infobox__outer-wrap uagb-block-f8b85baa\"><div class=\"uagb-infobox__content-wrap uagb-infobox uagb-infobox-has-image uagb-infobox-icon-below-title uagb-infobox-image-valign-top uagb-infobox-enable-border-radius \"><div class=\"uagb-ifb-left-right-wrap\"><div class=\"uagb-ifb-content\"><div class=\"uagb-ifb-title-wrap\"><h3 class=\"uagb-ifb-title\">MANUTEN\u00c7\u00c3O<\/h3><\/div><div class=\"uagb-ifb-image-icon-content uagb-ifb-imgicon-wrap\"><div class=\"uagb-ifb-image\"><div class=\"uagb-ifb-image-content\"><img class=\"uagb-ifb-img-src\" src=\"http:\/\/gruporochadelli.com.br\/wp-content\/uploads\/2021\/02\/Pintura-de-chapa-refletiva-300x225.jpeg\" alt=\"\"\/><\/div><\/div><\/div><div class=\"uagb-ifb-text-wrap\"><p class=\"uagb-ifb-desc\">Limpeza de Testeira de cobertura em Lona ou Chapa;<br>Pintura externa de fachada, em alvenaria; <br>Limpeza ou Pintura de Colunas;<br>Limpeza ou Pintura de Ilhas de Bomba;<br>Consertos de Estruturas e Coberturas Danificadas por Vendaval;<br>Limpeza da Pista de Abastecimento;<br>Limpeza ou Pintura de estruturas de pain\u00e9is;<br>Limpeza de Forros em PVC;<br>Limpeza de Luminosos;<br>Limpeza ou Pintura do Poste Emblema.<\/p><\/div><\/div><\/div><\/div><\/div>\n<\/div><\/div>\n\n\n\n<div class=\"wp-block-uagb-column uagb-column__wrap uagb-column__background-color uagb-block-c28c464f\"><div class=\"uagb-column__overlay\"><\/div><div class=\"uagb-column__inner-wrap\">\n<div class=\"wp-block-uagb-info-box uagb-infobox__outer-wrap uagb-block-e299b005\"><div class=\"uagb-infobox__content-wrap uagb-infobox uagb-infobox-has-image uagb-infobox-icon-below-title uagb-infobox-image-valign-top uagb-infobox-enable-border-radius \"><div class=\"uagb-ifb-left-right-wrap\"><div class=\"uagb-ifb-content\"><div class=\"uagb-ifb-title-wrap\"><h3 class=\"uagb-ifb-title\"><strong>INSTALA\u00c7\u00c3O<\/strong><\/h3><\/div><div class=\"uagb-ifb-image-icon-content uagb-ifb-imgicon-wrap\"><div class=\"uagb-ifb-image\"><div class=\"uagb-ifb-image-content\"><img class=\"uagb-ifb-img-src\" src=\"http:\/\/gruporochadelli.com.br\/wp-content\/uploads\/2021\/02\/esttesteira1-2-300x225.jpg\" alt=\"\"\/><\/div><\/div><\/div><div class=\"uagb-ifb-text-wrap\"><p class=\"uagb-ifb-desc\">Instala\u00e7\u00e3o e Reforma de Totens;<br>Confec\u00e7\u00e3o de Base;<br>Substitui\u00e7\u00e3o de Lonas; <br>Pequenos Reparos em Piso;<br>Instala\u00e7\u00e3o de Lonas em Testeira de Cobertura;<br>Instala\u00e7\u00e3o de rufos;<br>Instala\u00e7\u00e3o de Ilumina\u00e7\u00e3o Domus;<br>Coloca\u00e7\u00e3o de forro de PVC;<br>Reformas em alvenaria e pinturas;<br>Confec\u00e7\u00e3o e Instala\u00e7\u00e3o de Caixa Iluminada em testeira de cobertura e fachada;<br>Instala\u00e7\u00e3o de Porta Faixa;  <br>Instala\u00e7\u00e3o de Revestimento em PVC;<br>Instala\u00e7\u00e3o de Lumin\u00e1rias de LED;<br>Instala\u00e7\u00e3o de Quadros de Distribui\u00e7\u00e3o El\u00e9tricos;<\/p><\/div><\/div><\/div><\/div><\/div>\n<\/div><\/div>\n\n\n\n<div class=\"wp-block-uagb-column uagb-column__wrap uagb-column__background-color uagb-block-184cb97d\"><div class=\"uagb-column__overlay\"><\/div><div class=\"uagb-column__inner-wrap\">\n<div class=\"wp-block-uagb-info-box uagb-infobox__outer-wrap uagb-block-e40572e5\"><div class=\"uagb-infobox__content-wrap uagb-infobox uagb-infobox-has-image uagb-infobox-icon-below-title uagb-infobox-image-valign-top uagb-infobox-enable-border-radius \"><div class=\"uagb-ifb-left-right-wrap\"><div class=\"uagb-ifb-content\"><div class=\"uagb-ifb-title-wrap\"><h3 class=\"uagb-ifb-title\"><strong>OBRAS<\/strong><\/h3><\/div><div class=\"uagb-ifb-image-icon-content uagb-ifb-imgicon-wrap\"><div class=\"uagb-ifb-image\"><div class=\"uagb-ifb-image-content\"><img class=\"uagb-ifb-img-src\" src=\"http:\/\/gruporochadelli.com.br\/wp-content\/uploads\/2021\/02\/servio\u00e7os11-300x225.jpg\" alt=\"\"\/><\/div><\/div><\/div><div class=\"uagb-ifb-text-wrap\"><p class=\"uagb-ifb-desc\">Cobertura de Bombas<br>Luminosos e Placas; Implanta\u00e7\u00e3o de Lojas de Conveni\u00eancia e Franquias; Confec\u00e7\u00e3o de Placas e Pain\u00e9is; Confec\u00e7\u00e3o de Caixa Separadora;<br>Confec\u00e7\u00e3o de Testeira em Chapa; Execu\u00e7\u00e3o de Obra Civil a Seco; Pintura Automotiva em Elementos para Postos de Combust\u00edveis; M\u00e3o de obra de Revis\u00e3o El\u00e9trica em:<br>Letreiros<br>Pain\u00e9is<br>Testeiras.<br><\/p><\/div><\/div><\/div><\/div><\/div>\n<\/div><\/div>\n<\/div><\/section>\n\n\n\n<p><\/p>\n<\/div><\/section>\n\n\n\n<section class=\"wp-block-uagb-section uagb-section__wrap uagb-section__background-color uagb-block-6ab3cef8\"><div class=\"uagb-section__overlay\"><\/div><div class=\"uagb-section__inner-wrap\">\n<h1 class=\"has-text-align-left\" style=\"font-size:25px\"><strong>Servi\u00e7os de Instala\u00e7\u00e3o que Realizamos<\/strong><\/h1>\n\n\n\n<p><\/p>\n\n\n\n<figure class=\"wp-block-gallery aligncenter columns-4 is-cropped\"><ul class=\"blocks-gallery-grid\"><li class=\"blocks-gallery-item\"><figure><a href=\"http:\/\/gruporochadelli.com.br\/wp-content\/uploads\/2021\/03\/posto02.jpg\"><img loading=\"lazy\" width=\"1024\" height=\"768\" src=\"http:\/\/gruporochadelli.com.br\/wp-content\/uploads\/2021\/03\/posto02-1024x768.jpg\" alt=\"\" data-id=\"2916\" data-full-url=\"http:\/\/gruporochadelli.com.br\/wp-content\/uploads\/2021\/03\/posto02.jpg\" data-link=\"http:\/\/gruporochadelli.com.br\/index.php\/home\/posto02\/\" class=\"wp-image-2916\" srcset=\"https:\/\/gruporochadelli.com.br\/wp-content\/uploads\/2021\/03\/posto02-1024x768.jpg 1024w, https:\/\/gruporochadelli.com.br\/wp-content\/uploads\/2021\/03\/posto02-300x225.jpg 300w, https:\/\/gruporochadelli.com.br\/wp-content\/uploads\/2021\/03\/posto02-768x576.jpg 768w, https:\/\/gruporochadelli.com.br\/wp-content\/uploads\/2021\/03\/posto02.jpg 1200w\" sizes=\"(max-width: 1024px) 100vw, 1024px\" \/><\/a><\/figure><\/li><li class=\"blocks-gallery-item\"><figure><a href=\"http:\/\/gruporochadelli.com.br\/wp-content\/uploads\/2021\/02\/retiradadelona3.jpg\"><img loading=\"lazy\" width=\"448\" height=\"336\" src=\"http:\/\/gruporochadelli.com.br\/wp-content\/uploads\/2021\/02\/retiradadelona3.jpg\" alt=\"\" data-id=\"2040\" data-full-url=\"http:\/\/gruporochadelli.com.br\/wp-content\/uploads\/2021\/02\/retiradadelona3.jpg\" data-link=\"http:\/\/gruporochadelli.com.br\/index.php\/servicos\/retiradadelona3\/\" class=\"wp-image-2040\" srcset=\"https:\/\/gruporochadelli.com.br\/wp-content\/uploads\/2021\/02\/retiradadelona3.jpg 448w, https:\/\/gruporochadelli.com.br\/wp-content\/uploads\/2021\/02\/retiradadelona3-300x225.jpg 300w\" sizes=\"(max-width: 448px) 100vw, 448px\" \/><\/a><\/figure><\/li><li class=\"blocks-gallery-item\"><figure><a href=\"http:\/\/gruporochadelli.com.br\/wp-content\/uploads\/2021\/02\/retiradadelona4.jpg\"><img loading=\"lazy\" width=\"448\" height=\"252\" src=\"http:\/\/gruporochadelli.com.br\/wp-content\/uploads\/2021\/02\/retiradadelona4.jpg\" alt=\"\" data-id=\"2041\" data-full-url=\"http:\/\/gruporochadelli.com.br\/wp-content\/uploads\/2021\/02\/retiradadelona4.jpg\" data-link=\"http:\/\/gruporochadelli.com.br\/index.php\/servicos\/retiradadelona4\/\" class=\"wp-image-2041\" srcset=\"https:\/\/gruporochadelli.com.br\/wp-content\/uploads\/2021\/02\/retiradadelona4.jpg 448w, https:\/\/gruporochadelli.com.br\/wp-content\/uploads\/2021\/02\/retiradadelona4-300x169.jpg 300w\" sizes=\"(max-width: 448px) 100vw, 448px\" \/><\/a><\/figure><\/li><li class=\"blocks-gallery-item\"><figure><a href=\"http:\/\/gruporochadelli.com.br\/wp-content\/uploads\/2021\/02\/servio\u00e7os4.jpg\"><img loading=\"lazy\" width=\"750\" height=\"562\" src=\"http:\/\/gruporochadelli.com.br\/wp-content\/uploads\/2021\/02\/servio\u00e7os4.jpg\" alt=\"\" data-id=\"140\" data-full-url=\"http:\/\/gruporochadelli.com.br\/wp-content\/uploads\/2021\/02\/servio\u00e7os4.jpg\" data-link=\"http:\/\/gruporochadelli.com.br\/index.php\/home\/serviocos4\/\" class=\"wp-image-140\" srcset=\"https:\/\/gruporochadelli.com.br\/wp-content\/uploads\/2021\/02\/servio\u00e7os4.jpg 750w, https:\/\/gruporochadelli.com.br\/wp-content\/uploads\/2021\/02\/servio\u00e7os4-300x225.jpg 300w\" sizes=\"(max-width: 750px) 100vw, 750px\" \/><\/a><\/figure><\/li><\/ul><figcaption class=\"blocks-gallery-caption\">Instala\u00e7\u00e3o de Lonas em Testeira de Cobertura<\/figcaption><\/figure>\n<\/div><\/section>\n\n\n\n<section class=\"wp-block-uagb-section uagb-section__wrap uagb-section__background-color uagb-block-3cadef8c\"><div class=\"uagb-section__overlay\"><\/div><div class=\"uagb-section__inner-wrap\">\n<figure class=\"wp-block-gallery aligncenter columns-4 is-cropped\"><ul class=\"blocks-gallery-grid\"><li class=\"blocks-gallery-item\"><figure><a href=\"http:\/\/gruporochadelli.com.br\/wp-content\/uploads\/2021\/02\/piso5.jpg\"><img loading=\"lazy\" width=\"448\" height=\"299\" src=\"http:\/\/gruporochadelli.com.br\/wp-content\/uploads\/2021\/02\/piso5.jpg\" alt=\"\" data-id=\"2045\" data-link=\"http:\/\/gruporochadelli.com.br\/index.php\/servicos\/piso5\/\" class=\"wp-image-2045\" srcset=\"https:\/\/gruporochadelli.com.br\/wp-content\/uploads\/2021\/02\/piso5.jpg 448w, https:\/\/gruporochadelli.com.br\/wp-content\/uploads\/2021\/02\/piso5-300x200.jpg 300w\" sizes=\"(max-width: 448px) 100vw, 448px\" \/><\/a><\/figure><\/li><li class=\"blocks-gallery-item\"><figure><a href=\"http:\/\/gruporochadelli.com.br\/wp-content\/uploads\/2021\/02\/piso4.jpg\"><img loading=\"lazy\" width=\"448\" height=\"299\" src=\"http:\/\/gruporochadelli.com.br\/wp-content\/uploads\/2021\/02\/piso4.jpg\" alt=\"\" data-id=\"2046\" data-link=\"http:\/\/gruporochadelli.com.br\/index.php\/servicos\/piso4\/\" class=\"wp-image-2046\" srcset=\"https:\/\/gruporochadelli.com.br\/wp-content\/uploads\/2021\/02\/piso4.jpg 448w, https:\/\/gruporochadelli.com.br\/wp-content\/uploads\/2021\/02\/piso4-300x200.jpg 300w\" sizes=\"(max-width: 448px) 100vw, 448px\" \/><\/a><\/figure><\/li><li class=\"blocks-gallery-item\"><figure><a href=\"http:\/\/gruporochadelli.com.br\/wp-content\/uploads\/2021\/02\/piso3.jpg\"><img loading=\"lazy\" width=\"448\" height=\"299\" src=\"http:\/\/gruporochadelli.com.br\/wp-content\/uploads\/2021\/02\/piso3.jpg\" alt=\"\" data-id=\"2047\" data-link=\"http:\/\/gruporochadelli.com.br\/index.php\/servicos\/piso3\/\" class=\"wp-image-2047\" srcset=\"https:\/\/gruporochadelli.com.br\/wp-content\/uploads\/2021\/02\/piso3.jpg 448w, https:\/\/gruporochadelli.com.br\/wp-content\/uploads\/2021\/02\/piso3-300x200.jpg 300w\" sizes=\"(max-width: 448px) 100vw, 448px\" \/><\/a><\/figure><\/li><li class=\"blocks-gallery-item\"><figure><a href=\"http:\/\/gruporochadelli.com.br\/wp-content\/uploads\/2021\/02\/piso2.jpg\"><img loading=\"lazy\" width=\"448\" height=\"299\" src=\"http:\/\/gruporochadelli.com.br\/wp-content\/uploads\/2021\/02\/piso2.jpg\" alt=\"\" data-id=\"2048\" data-full-url=\"http:\/\/gruporochadelli.com.br\/wp-content\/uploads\/2021\/02\/piso2.jpg\" data-link=\"http:\/\/gruporochadelli.com.br\/index.php\/servicos\/piso2\/\" class=\"wp-image-2048\" srcset=\"https:\/\/gruporochadelli.com.br\/wp-content\/uploads\/2021\/02\/piso2.jpg 448w, https:\/\/gruporochadelli.com.br\/wp-content\/uploads\/2021\/02\/piso2-300x200.jpg 300w\" sizes=\"(max-width: 448px) 100vw, 448px\" \/><\/a><\/figure><\/li><\/ul><figcaption class=\"blocks-gallery-caption\">Pequenos Reparos em Piso<\/figcaption><\/figure>\n<\/div><\/section>\n\n\n\n<section class=\"wp-block-uagb-section uagb-section__wrap uagb-section__background-color uagb-block-db90d218\"><div class=\"uagb-section__overlay\"><\/div><div class=\"uagb-section__inner-wrap\">\n<section class=\"wp-block-uagb-columns uagb-columns__wrap uagb-columns__background-undefined uagb-columns__stack-mobile uagb-columns__valign-undefined uagb-columns__gap-10 alignundefined uagb-block-eff940d6\"><div class=\"uagb-columns__overlay\"><\/div><div class=\"uagb-columns__inner-wrap uagb-columns__columns-2\">\n<div class=\"wp-block-uagb-column uagb-column__wrap uagb-column__background-undefined uagb-block-d284c016\"><div class=\"uagb-column__overlay\"><\/div><div class=\"uagb-column__inner-wrap\">\n<div class=\"wp-block-image\"><figure class=\"aligncenter size-large\"><img loading=\"lazy\" width=\"750\" height=\"562\" src=\"http:\/\/gruporochadelli.com.br\/wp-content\/uploads\/2021\/02\/servio\u00e7os10-2.jpg\" alt=\"\" class=\"wp-image-847\" srcset=\"https:\/\/gruporochadelli.com.br\/wp-content\/uploads\/2021\/02\/servio\u00e7os10-2.jpg 750w, https:\/\/gruporochadelli.com.br\/wp-content\/uploads\/2021\/02\/servio\u00e7os10-2-300x225.jpg 300w\" sizes=\"(max-width: 750px) 100vw, 750px\" \/><figcaption>Pinturas em Geral<\/figcaption><\/figure><\/div>\n<\/div><\/div>\n\n\n\n<div class=\"wp-block-uagb-column uagb-column__wrap uagb-column__background-undefined uagb-block-25fe66d3\"><div class=\"uagb-column__overlay\"><\/div><div class=\"uagb-column__inner-wrap\">\n<figure class=\"wp-block-gallery aligncenter columns-3 is-cropped\"><ul class=\"blocks-gallery-grid\"><li class=\"blocks-gallery-item\"><figure><a href=\"http:\/\/gruporochadelli.com.br\/wp-content\/uploads\/2021\/02\/pinturabombas11.jpg\"><img loading=\"lazy\" width=\"448\" height=\"299\" src=\"http:\/\/gruporochadelli.com.br\/wp-content\/uploads\/2021\/02\/pinturabombas11.jpg\" alt=\"\" data-id=\"2149\" data-full-url=\"http:\/\/gruporochadelli.com.br\/wp-content\/uploads\/2021\/02\/pinturabombas11.jpg\" data-link=\"http:\/\/gruporochadelli.com.br\/index.php\/area-do-cliente\/pinturabombas11\/\" class=\"wp-image-2149\" srcset=\"https:\/\/gruporochadelli.com.br\/wp-content\/uploads\/2021\/02\/pinturabombas11.jpg 448w, https:\/\/gruporochadelli.com.br\/wp-content\/uploads\/2021\/02\/pinturabombas11-300x200.jpg 300w\" sizes=\"(max-width: 448px) 100vw, 448px\" \/><\/a><\/figure><\/li><li class=\"blocks-gallery-item\"><figure><a href=\"http:\/\/gruporochadelli.com.br\/wp-content\/uploads\/2021\/02\/pinturabombas1.jpg\"><img loading=\"lazy\" width=\"521\" height=\"391\" src=\"http:\/\/gruporochadelli.com.br\/wp-content\/uploads\/2021\/02\/pinturabombas1.jpg\" alt=\"\" data-id=\"2054\" data-full-url=\"http:\/\/gruporochadelli.com.br\/wp-content\/uploads\/2021\/02\/pinturabombas1.jpg\" data-link=\"http:\/\/gruporochadelli.com.br\/index.php\/servicos\/pinturabombas1\/\" class=\"wp-image-2054\" srcset=\"https:\/\/gruporochadelli.com.br\/wp-content\/uploads\/2021\/02\/pinturabombas1.jpg 521w, https:\/\/gruporochadelli.com.br\/wp-content\/uploads\/2021\/02\/pinturabombas1-300x225.jpg 300w\" sizes=\"(max-width: 521px) 100vw, 521px\" \/><\/a><\/figure><\/li><li class=\"blocks-gallery-item\"><figure><a href=\"http:\/\/gruporochadelli.com.br\/wp-content\/uploads\/2021\/02\/pinturabombas08.jpg\"><img loading=\"lazy\" width=\"448\" height=\"336\" src=\"http:\/\/gruporochadelli.com.br\/wp-content\/uploads\/2021\/02\/pinturabombas08.jpg\" alt=\"\" data-id=\"2065\" data-full-url=\"http:\/\/gruporochadelli.com.br\/wp-content\/uploads\/2021\/02\/pinturabombas08.jpg\" data-link=\"http:\/\/gruporochadelli.com.br\/index.php\/servicos\/pinturabombas08\/\" class=\"wp-image-2065\" srcset=\"https:\/\/gruporochadelli.com.br\/wp-content\/uploads\/2021\/02\/pinturabombas08.jpg 448w, https:\/\/gruporochadelli.com.br\/wp-content\/uploads\/2021\/02\/pinturabombas08-300x225.jpg 300w\" sizes=\"(max-width: 448px) 100vw, 448px\" \/><\/a><\/figure><\/li><li class=\"blocks-gallery-item\"><figure><a href=\"http:\/\/gruporochadelli.com.br\/wp-content\/uploads\/2021\/02\/pinturabombas10.jpg\"><img loading=\"lazy\" width=\"448\" height=\"336\" src=\"http:\/\/gruporochadelli.com.br\/wp-content\/uploads\/2021\/02\/pinturabombas10.jpg\" alt=\"\" data-id=\"2066\" data-full-url=\"http:\/\/gruporochadelli.com.br\/wp-content\/uploads\/2021\/02\/pinturabombas10.jpg\" data-link=\"http:\/\/gruporochadelli.com.br\/index.php\/servicos\/pinturabombas10\/\" class=\"wp-image-2066\" srcset=\"https:\/\/gruporochadelli.com.br\/wp-content\/uploads\/2021\/02\/pinturabombas10.jpg 448w, https:\/\/gruporochadelli.com.br\/wp-content\/uploads\/2021\/02\/pinturabombas10-300x225.jpg 300w\" sizes=\"(max-width: 448px) 100vw, 448px\" \/><\/a><\/figure><\/li><li class=\"blocks-gallery-item\"><figure><a href=\"http:\/\/gruporochadelli.com.br\/wp-content\/uploads\/2021\/02\/pinturabombas03.jpg\"><img loading=\"lazy\" width=\"521\" height=\"391\" src=\"http:\/\/gruporochadelli.com.br\/wp-content\/uploads\/2021\/02\/pinturabombas03.jpg\" alt=\"\" data-id=\"2056\" data-full-url=\"http:\/\/gruporochadelli.com.br\/wp-content\/uploads\/2021\/02\/pinturabombas03.jpg\" data-link=\"http:\/\/gruporochadelli.com.br\/index.php\/servicos\/pinturabombas03\/\" class=\"wp-image-2056\" srcset=\"https:\/\/gruporochadelli.com.br\/wp-content\/uploads\/2021\/02\/pinturabombas03.jpg 521w, https:\/\/gruporochadelli.com.br\/wp-content\/uploads\/2021\/02\/pinturabombas03-300x225.jpg 300w\" sizes=\"(max-width: 521px) 100vw, 521px\" \/><\/a><\/figure><\/li><li class=\"blocks-gallery-item\"><figure><a href=\"http:\/\/gruporochadelli.com.br\/wp-content\/uploads\/2021\/02\/pinturabombas02.jpg\"><img loading=\"lazy\" width=\"521\" height=\"391\" src=\"http:\/\/gruporochadelli.com.br\/wp-content\/uploads\/2021\/02\/pinturabombas02.jpg\" alt=\"\" data-id=\"2055\" data-full-url=\"http:\/\/gruporochadelli.com.br\/wp-content\/uploads\/2021\/02\/pinturabombas02.jpg\" data-link=\"http:\/\/gruporochadelli.com.br\/index.php\/servicos\/pinturabombas02\/\" class=\"wp-image-2055\" srcset=\"https:\/\/gruporochadelli.com.br\/wp-content\/uploads\/2021\/02\/pinturabombas02.jpg 521w, https:\/\/gruporochadelli.com.br\/wp-content\/uploads\/2021\/02\/pinturabombas02-300x225.jpg 300w\" sizes=\"(max-width: 521px) 100vw, 521px\" \/><\/a><\/figure><\/li><\/ul><figcaption class=\"blocks-gallery-caption\">Limpeza de Testeira de cobertura em Lona \/ Pintura externa de fachada \/ Limpeza ou Pintura de Ilhas de Bomba.<\/figcaption><\/figure>\n<\/div><\/div>\n<\/div><\/section>\n<\/div><\/section>\n\n\n\n<section class=\"wp-block-uagb-section uagb-section__wrap uagb-section__background-color uagb-block-9ffbb76b\"><div class=\"uagb-section__overlay\"><\/div><div class=\"uagb-section__inner-wrap\">\n<section class=\"wp-block-uagb-section uagb-section__wrap uagb-section__background-color uagb-block-5b465805\"><div class=\"uagb-section__overlay\"><\/div><div class=\"uagb-section__inner-wrap\">\n<div class=\"wp-block-buttons alignright\">\n<div class=\"wp-block-button\"><a class=\"wp-block-button__link has-background\" href=\"http:\/\/gruporochadelli.com.br\/index.php\/fotos-dos-servicos\" style=\"border-radius:10px;background-color:#100037\" rel=\"http:\/\/gruporochadelli.com.br\/index.php\/fotos-dos-servicos noopener\">Servi\u00e7os da Manuten\u00e7\u00e3o<\/a><\/div>\n<\/div>\n<\/div><\/section>\n<\/div><\/section>\n\n\n\n<section class=\"wp-block-uagb-section uagb-section__wrap uagb-section__background-color uagb-block-4360318b\"><div class=\"uagb-section__overlay\"><\/div><div class=\"uagb-section__inner-wrap\"><\/div><\/section>\n\n\n\n<section class=\"wp-block-uagb-section uagb-section__wrap uagb-section__background-color uagb-block-6483d5bc\"><div class=\"uagb-section__overlay\"><\/div><div class=\"uagb-section__inner-wrap\">\n<section class=\"wp-block-uagb-section uagb-section__wrap uagb-section__background-color uagb-block-8ee913ea\"><div class=\"uagb-section__overlay\"><\/div><div class=\"uagb-section__inner-wrap\">\n<section class=\"wp-block-uagb-columns uagb-columns__wrap uagb-columns__background-undefined uagb-columns__stack-mobile uagb-columns__valign-undefined uagb-columns__gap-10 alignundefined uagb-block-e7df58aa\"><div class=\"uagb-columns__overlay\"><\/div><div class=\"uagb-columns__inner-wrap uagb-columns__columns-3\">\n<div class=\"wp-block-uagb-column uagb-column__wrap uagb-column__background-undefined uagb-block-f2b3a3a1\"><div class=\"uagb-column__overlay\"><\/div><div class=\"uagb-column__inner-wrap\">\n<div class=\"wp-block-uagb-info-box uagb-infobox__outer-wrap uagb-block-45262fad\"><div class=\"uagb-infobox__content-wrap uagb-infobox uagb-infobox-has-icon uagb-infobox-icon-above-title uagb-infobox-image-valign-top uagb-infobox-enable-border-radius \"><div class=\"uagb-ifb-left-right-wrap\"><div class=\"uagb-ifb-content\"><div class=\"uagb-ifb-title-wrap\"><h4 class=\"uagb-ifb-title\">Canais de Atendimento<\/h4><\/div><div class=\"uagb-ifb-text-wrap\"><p class=\"uagb-ifb-desc\">Whatsapp: (41) 3663-0520<br>Telefone: (41)  3621-1210<br>E-mail: janete@rochadelli.com.br <\/p><\/div><\/div><\/div><\/div><\/div>\n<\/div><\/div>\n\n\n\n<div class=\"wp-block-uagb-column uagb-column__wrap uagb-column__background-undefined uagb-block-5aa574b0\"><div class=\"uagb-column__overlay\"><\/div><div class=\"uagb-column__inner-wrap\">\n<div class=\"wp-block-uagb-info-box uagb-infobox__outer-wrap uagb-block-0b681a54\"><div class=\"uagb-infobox__content-wrap uagb-infobox uagb-infobox-has-icon uagb-infobox-icon-above-title uagb-infobox-image-valign-top uagb-infobox-enable-border-radius \"><div class=\"uagb-ifb-left-right-wrap\"><div class=\"uagb-ifb-content\"><div class=\"uagb-ifb-title-wrap\"><h3 class=\"uagb-ifb-title\">Acesso<\/h3><\/div><div class=\"uagb-ifb-text-wrap\"><p class=\"uagb-ifb-desc\"><a href=\"http:\/\/gruporochadelli.com.br\/\">Home<\/a><br><a href=\"http:\/\/gruporochadelli.com.br\/index.php\/quem-somos\/\">Quem Somos<\/a><br><a href=\"http:\/\/gruporochadelli.com.br\/index.php\/servicos\/\">Servi\u00e7os<\/a><br><a href=\"http:\/\/gruporochadelli.com.br\/index.php\/incorporadora\/\">Incorporadora<\/a><br><a href=\"http:\/\/gruporochadelli.com.br\/index.php\/farmacia\/\">Farm\u00e1cia<\/a><br><a href=\"http:\/\/gruporochadelli.com.br\/index.php\/area-do-cliente\/\">PMI<\/a><br><a href=\"http:\/\/gruporochadelli.com.br\/index.php\/contato-2\/\">Contato<\/a><br><\/p><\/div><\/div><\/div><\/div><\/div>\n<\/div><\/div>\n\n\n\n<div class=\"wp-block-uagb-column uagb-column__wrap uagb-column__background-undefined uagb-block-68b2414b\"><div class=\"uagb-column__overlay\"><\/div><div class=\"uagb-column__inner-wrap\">\n<div class=\"wp-block-uagb-info-box uagb-infobox__outer-wrap uagb-block-24dad2e5\"><div class=\"uagb-infobox__content-wrap uagb-infobox uagb-infobox-has-icon uagb-infobox-icon-below-title uagb-infobox-image-valign-top uagb-infobox-enable-border-radius \"><div class=\"uagb-ifb-left-right-wrap\"><div class=\"uagb-ifb-content\"><div class=\"uagb-ifb-title-wrap\"><h3 class=\"uagb-ifb-title\">Paran\u00e1<\/h3><\/div><div class=\"uagb-ifb-image-icon-content uagb-ifb-imgicon-wrap\"><div class=\"uagb-ifb-icon-wrap\"><span class=\"uagb-ifb-icon\"><svg xmlns=\"http:\/\/www.w3.org\/2000\/svg\" viewbox=\"0 0 384 512\"><path d=\"M172.268 501.67C26.97 291.031 0 269.413 0 192 0 85.961 85.961 0 192 0s192 85.961 192 192c0 77.413-26.97 99.031-172.268 309.67-9.535 13.774-29.93 13.773-39.464 0zM192 272c44.183 0 80-35.817 80-80s-35.817-80-80-80-80 35.817-80 80 35.817 80 80 80z\"><\/path><\/svg><\/span><\/div><\/div><div class=\"uagb-ifb-text-wrap\"><p class=\"uagb-ifb-desc\">Travessa La Paz, 16 &#8211; Campo Pequeno &#8211; COLOMBO \u2013 PR<\/p><div class=\"uagb-ifb-separator-parent\"><div class=\"uagb-ifb-separator\"><\/div><\/div><\/div><\/div><\/div><\/div><\/div>\n\n\n\n<div class=\"wp-block-uagb-info-box uagb-infobox__outer-wrap uagb-block-8130c13d\"><div class=\"uagb-infobox__content-wrap uagb-infobox uagb-infobox-has-icon uagb-infobox-icon-below-title uagb-infobox-image-valign-top uagb-infobox-enable-border-radius \"><div class=\"uagb-ifb-left-right-wrap\"><div class=\"uagb-ifb-content\"><div class=\"uagb-ifb-title-wrap\"><h4 class=\"uagb-ifb-title\">RIO GRANDE DO SUL<\/h4><\/div><div class=\"uagb-ifb-image-icon-content uagb-ifb-imgicon-wrap\"><div class=\"uagb-ifb-icon-wrap\"><span class=\"uagb-ifb-icon\"><svg xmlns=\"http:\/\/www.w3.org\/2000\/svg\" viewbox=\"0 0 384 512\"><path d=\"M172.268 501.67C26.97 291.031 0 269.413 0 192 0 85.961 85.961 0 192 0s192 85.961 192 192c0 77.413-26.97 99.031-172.268 309.67-9.535 13.774-29.93 13.773-39.464 0zM192 272c44.183 0 80-35.817 80-80s-35.817-80-80-80-80 35.817-80 80 35.817 80 80 80z\"><\/path><\/svg><\/span><\/div><\/div><div class=\"uagb-ifb-text-wrap\"><p class=\"uagb-ifb-desc\">Rua Borges de Medeiros, 972<br>Niter\u00f3i \u2013 Canoas \u2013 RS.<\/p><\/div><\/div><\/div><\/div><\/div>\n<\/div><\/div>\n<\/div><\/section>\n<\/div><\/section>\n<\/div><\/section>\n","protected":false},"excerpt":{"rendered":"","protected":false},"author":1,"featured_media":0,"parent":0,"menu_order":0,"comment_status":"closed","ping_status":"closed","template":"","meta":[],"uagb_featured_image_src":{"full":false,"thumbnail":false,"medium":false,"medium_large":false,"large":false,"1536x1536":false,"2048x2048":false},"uagb_author_info":{"display_name":"RjmkzIkyCE","author_link":"https:\/\/gruporochadelli.com.br\/index.php\/author\/rjmkzikyce\/"},"uagb_comment_info":0,"uagb_excerpt":null,"_links":{"self":[{"href":"https:\/\/gruporochadelli.com.br\/index.php\/wp-json\/wp\/v2\/pages\/8"}],"collection":[{"href":"https:\/\/gruporochadelli.com.br\/index.php\/wp-json\/wp\/v2\/pages"}],"about":[{"href":"https:\/\/gruporochadelli.com.br\/index.php\/wp-json\/wp\/v2\/types\/page"}],"author":[{"embeddable":true,"href":"https:\/\/gruporochadelli.com.br\/index.php\/wp-json\/wp\/v2\/users\/1"}],"replies":[{"embeddable":true,"href":"https:\/\/gruporochadelli.com.br\/index.php\/wp-json\/wp\/v2\/comments?post=8"}],"version-history":[{"count":475,"href":"https:\/\/gruporochadelli.com.br\/index.php\/wp-json\/wp\/v2\/pages\/8\/revisions"}],"predecessor-version":[{"id":4647,"href":"https:\/\/gruporochadelli.com.br\/index.php\/wp-json\/wp\/v2\/pages\/8\/revisions\/4647"}],"wp:attachment":[{"href":"https:\/\/gruporochadelli.com.br\/index.php\/wp-json\/wp\/v2\/media?parent=8"}],"curies":[{"name":"wp","href":"https:\/\/api.w.org\/{rel}","templated":true}]}}