{"id":18,"date":"2021-01-31T16:38:32","date_gmt":"2021-01-31T19:38:32","guid":{"rendered":"http:\/\/gruporochadelli.com.br\/?page_id=18"},"modified":"2021-04-06T15:45:27","modified_gmt":"2021-04-06T18:45:27","slug":"quem-somos","status":"publish","type":"page","link":"https:\/\/gruporochadelli.com.br\/index.php\/quem-somos\/","title":{"rendered":"QUEM SOMOS"},"content":{"rendered":"\n<section class=\"wp-block-uagb-section uagb-section__wrap uagb-section__background-image uagb-block-23c3c01b\"><div class=\"uagb-section__overlay\"><\/div><div class=\"uagb-section__inner-wrap\">\n<p class=\"has-white-color has-text-color\" style=\"font-size:39px\">Quem Somos<\/p>\n<\/div><\/section>\n\n\n\n<section class=\"wp-block-uagb-section uagb-section__wrap uagb-section__background-color uagb-block-e3080786\"><div class=\"uagb-section__overlay\"><\/div><div class=\"uagb-section__inner-wrap\">\n<section class=\"wp-block-uagb-columns uagb-columns__wrap uagb-columns__background-undefined uagb-columns__stack-mobile uagb-columns__valign-undefined uagb-columns__gap-10 alignundefined uagb-block-c49829ed\"><div class=\"uagb-columns__overlay\"><\/div><div class=\"uagb-columns__inner-wrap uagb-columns__columns-2\">\n<div class=\"wp-block-uagb-column uagb-column__wrap uagb-column__background-undefined uagb-block-8b953de4\"><div class=\"uagb-column__overlay\"><\/div><div class=\"uagb-column__inner-wrap\">\n<div class=\"wp-block-uagb-info-box uagb-infobox__outer-wrap uagb-block-f3a8c873\"><div class=\"uagb-infobox__content-wrap uagb-infobox uagb-infobox-has-icon uagb-infobox-icon-above-title uagb-infobox-image-valign-top uagb-infobox-enable-border-radius \"><div class=\"uagb-ifb-left-right-wrap\"><div class=\"uagb-ifb-content\"><div class=\"uagb-ifb-title-wrap\"><\/div><div class=\"uagb-ifb-text-wrap\"><p class=\"uagb-ifb-desc\"> Somos especializados em <span class=\"has-inline-color has-black-color\">REFORMAS DE OBRA CIVIL, IMAGEM E PMI<\/span> em Postos de Combust\u00edveis. Trabalhando com Qualidade, Responsabilidade e Efici\u00eancia. Valorizando cada vez mais a imagem de seus clientes.<br><br>A Satisfa\u00e7\u00e3o do Cliente \u00e9 nosso maior objetivo, assim como a valoriza\u00e7\u00e3o, a excel\u00eancia na execu\u00e7\u00e3o dos servi\u00e7os, agilidade no atendimento, efic\u00e1cia e seguran\u00e7a de nossos colaboradores. <\/p><\/div><\/div><\/div><\/div><\/div>\n<\/div><\/div>\n\n\n\n<div class=\"wp-block-uagb-column uagb-column__wrap uagb-column__background-none uagb-block-9f6c79d8\"><div class=\"uagb-column__overlay\"><\/div><div class=\"uagb-column__inner-wrap\">\n<div class=\"wp-block-image\"><figure class=\"aligncenter size-full\"><img loading=\"lazy\" width=\"750\" height=\"562\" src=\"http:\/\/gruporochadelli.com.br\/wp-content\/uploads\/2021\/02\/Limpeza-de-Forro-de-PVC-2.jpg\" alt=\"\" class=\"wp-image-2379\" srcset=\"https:\/\/gruporochadelli.com.br\/wp-content\/uploads\/2021\/02\/Limpeza-de-Forro-de-PVC-2.jpg 750w, https:\/\/gruporochadelli.com.br\/wp-content\/uploads\/2021\/02\/Limpeza-de-Forro-de-PVC-2-300x225.jpg 300w\" sizes=\"(max-width: 750px) 100vw, 750px\" \/><\/figure><\/div>\n\n\n\n<div class=\"wp-block-uagb-info-box uagb-infobox__outer-wrap uagb-block-a3ee841d\"><div class=\"uagb-infobox__content-wrap uagb-infobox uagb-infobox-has-icon uagb-infobox-icon-above-title uagb-infobox-image-valign-top uagb-infobox-enable-border-radius \"><div class=\"uagb-ifb-left-right-wrap\"><div class=\"uagb-ifb-content\"><div class=\"uagb-ifb-title-wrap\"><h5 class=\"uagb-ifb-title\"><strong> <\/strong><\/h5><\/div><div class=\"uagb-ifb-text-wrap\"><p class=\"uagb-ifb-desc\"> <\/p><\/div><\/div><\/div><\/div><\/div>\n<\/div><\/div>\n<\/div><\/section>\n\n\n\n<section class=\"wp-block-uagb-section uagb-section__wrap uagb-section__background-undefined uagb-block-60aecbbd\"><div class=\"uagb-section__overlay\"><\/div><div class=\"uagb-section__inner-wrap\"><\/div><\/section>\n<\/div><\/section>\n\n\n\n<section class=\"wp-block-uagb-section uagb-section__wrap uagb-section__background-color uagb-block-2b5298a7\"><div class=\"uagb-section__overlay\"><\/div><div class=\"uagb-section__inner-wrap\">\n<div class=\"wp-block-uagb-info-box uagb-infobox__outer-wrap uagb-block-88997644\"><div class=\"uagb-infobox__content-wrap uagb-infobox uagb-infobox-has-icon uagb-infobox-icon-above-title uagb-infobox-image-valign-top uagb-infobox-enable-border-radius \"><div class=\"uagb-ifb-left-right-wrap\"><div class=\"uagb-ifb-content\"><div class=\"uagb-ifb-title-wrap\"><h2 class=\"uagb-ifb-title\"><strong>NOSSA ESTRUTURA<\/strong><\/h2><\/div><div class=\"uagb-ifb-text-wrap\"><p class=\"uagb-ifb-desc\"> <\/p><\/div><\/div><\/div><\/div><\/div>\n\n\n\n<figure class=\"wp-block-gallery columns-4 is-cropped\"><ul class=\"blocks-gallery-grid\"><li class=\"blocks-gallery-item\"><figure><a href=\"http:\/\/gruporochadelli.com.br\/wp-content\/uploads\/2021\/02\/mps.jpg\"><img loading=\"lazy\" width=\"903\" height=\"293\" src=\"http:\/\/gruporochadelli.com.br\/wp-content\/uploads\/2021\/02\/mps.jpg\" alt=\"A ROCHA DELLI\" data-id=\"1840\" data-link=\"http:\/\/gruporochadelli.com.br\/index.php\/quem-somos\/mps\/\" class=\"wp-image-1840\" srcset=\"https:\/\/gruporochadelli.com.br\/wp-content\/uploads\/2021\/02\/mps.jpg 903w, https:\/\/gruporochadelli.com.br\/wp-content\/uploads\/2021\/02\/mps-300x97.jpg 300w, https:\/\/gruporochadelli.com.br\/wp-content\/uploads\/2021\/02\/mps-768x249.jpg 768w\" sizes=\"(max-width: 903px) 100vw, 903px\" \/><\/a><\/figure><\/li><li class=\"blocks-gallery-item\"><figure><a href=\"http:\/\/gruporochadelli.com.br\/wp-content\/uploads\/2021\/03\/estrutura06.jpg\"><img loading=\"lazy\" width=\"1200\" height=\"675\" src=\"http:\/\/gruporochadelli.com.br\/wp-content\/uploads\/2021\/03\/estrutura06.jpg\" alt=\"\" data-id=\"2960\" data-link=\"http:\/\/gruporochadelli.com.br\/index.php\/quem-somos\/estrutura06\/\" class=\"wp-image-2960\" srcset=\"https:\/\/gruporochadelli.com.br\/wp-content\/uploads\/2021\/03\/estrutura06.jpg 1200w, https:\/\/gruporochadelli.com.br\/wp-content\/uploads\/2021\/03\/estrutura06-300x169.jpg 300w, https:\/\/gruporochadelli.com.br\/wp-content\/uploads\/2021\/03\/estrutura06-1024x576.jpg 1024w, https:\/\/gruporochadelli.com.br\/wp-content\/uploads\/2021\/03\/estrutura06-768x432.jpg 768w\" sizes=\"(max-width: 1200px) 100vw, 1200px\" \/><\/a><\/figure><\/li><li class=\"blocks-gallery-item\"><figure><a href=\"http:\/\/gruporochadelli.com.br\/wp-content\/uploads\/2021\/03\/estrutura13.jpg\"><img loading=\"lazy\" width=\"1024\" height=\"646\" src=\"http:\/\/gruporochadelli.com.br\/wp-content\/uploads\/2021\/03\/estrutura13.jpg\" alt=\"\" data-id=\"2963\" data-link=\"http:\/\/gruporochadelli.com.br\/index.php\/quem-somos\/estrutura13\/\" class=\"wp-image-2963\" srcset=\"https:\/\/gruporochadelli.com.br\/wp-content\/uploads\/2021\/03\/estrutura13.jpg 1024w, https:\/\/gruporochadelli.com.br\/wp-content\/uploads\/2021\/03\/estrutura13-300x189.jpg 300w, https:\/\/gruporochadelli.com.br\/wp-content\/uploads\/2021\/03\/estrutura13-768x485.jpg 768w\" sizes=\"(max-width: 1024px) 100vw, 1024px\" \/><\/a><\/figure><\/li><li class=\"blocks-gallery-item\"><figure><a href=\"http:\/\/gruporochadelli.com.br\/wp-content\/uploads\/2021\/03\/estrutura07.jpg\"><img loading=\"lazy\" width=\"1200\" height=\"675\" src=\"http:\/\/gruporochadelli.com.br\/wp-content\/uploads\/2021\/03\/estrutura07.jpg\" alt=\"\" data-id=\"2964\" data-link=\"http:\/\/gruporochadelli.com.br\/index.php\/quem-somos\/estrutura07\/\" class=\"wp-image-2964\" srcset=\"https:\/\/gruporochadelli.com.br\/wp-content\/uploads\/2021\/03\/estrutura07.jpg 1200w, https:\/\/gruporochadelli.com.br\/wp-content\/uploads\/2021\/03\/estrutura07-300x169.jpg 300w, https:\/\/gruporochadelli.com.br\/wp-content\/uploads\/2021\/03\/estrutura07-1024x576.jpg 1024w, https:\/\/gruporochadelli.com.br\/wp-content\/uploads\/2021\/03\/estrutura07-768x432.jpg 768w\" sizes=\"(max-width: 1200px) 100vw, 1200px\" \/><\/a><\/figure><\/li><li class=\"blocks-gallery-item\"><figure><a href=\"http:\/\/gruporochadelli.com.br\/wp-content\/uploads\/2021\/03\/estrutura05.jpg\"><img loading=\"lazy\" width=\"1200\" height=\"675\" src=\"http:\/\/gruporochadelli.com.br\/wp-content\/uploads\/2021\/03\/estrutura05.jpg\" alt=\"\" data-id=\"2971\" data-link=\"http:\/\/gruporochadelli.com.br\/index.php\/quem-somos\/estrutura05\/\" class=\"wp-image-2971\" srcset=\"https:\/\/gruporochadelli.com.br\/wp-content\/uploads\/2021\/03\/estrutura05.jpg 1200w, https:\/\/gruporochadelli.com.br\/wp-content\/uploads\/2021\/03\/estrutura05-300x169.jpg 300w, https:\/\/gruporochadelli.com.br\/wp-content\/uploads\/2021\/03\/estrutura05-1024x576.jpg 1024w, https:\/\/gruporochadelli.com.br\/wp-content\/uploads\/2021\/03\/estrutura05-768x432.jpg 768w\" sizes=\"(max-width: 1200px) 100vw, 1200px\" \/><\/a><\/figure><\/li><li class=\"blocks-gallery-item\"><figure><a href=\"http:\/\/gruporochadelli.com.br\/wp-content\/uploads\/2021\/03\/estrutura12-1.jpg\"><img loading=\"lazy\" width=\"1200\" height=\"675\" src=\"http:\/\/gruporochadelli.com.br\/wp-content\/uploads\/2021\/03\/estrutura12-1.jpg\" alt=\"\" data-id=\"2965\" data-link=\"http:\/\/gruporochadelli.com.br\/index.php\/quem-somos\/estrutura12-1\/\" class=\"wp-image-2965\" srcset=\"https:\/\/gruporochadelli.com.br\/wp-content\/uploads\/2021\/03\/estrutura12-1.jpg 1200w, https:\/\/gruporochadelli.com.br\/wp-content\/uploads\/2021\/03\/estrutura12-1-300x169.jpg 300w, https:\/\/gruporochadelli.com.br\/wp-content\/uploads\/2021\/03\/estrutura12-1-1024x576.jpg 1024w, https:\/\/gruporochadelli.com.br\/wp-content\/uploads\/2021\/03\/estrutura12-1-768x432.jpg 768w\" sizes=\"(max-width: 1200px) 100vw, 1200px\" \/><\/a><\/figure><\/li><li class=\"blocks-gallery-item\"><figure><a href=\"http:\/\/gruporochadelli.com.br\/wp-content\/uploads\/2021\/03\/estrutura08.jpg\"><img loading=\"lazy\" width=\"1024\" height=\"576\" src=\"http:\/\/gruporochadelli.com.br\/wp-content\/uploads\/2021\/03\/estrutura08-1024x576.jpg\" alt=\"\" data-id=\"2984\" data-full-url=\"http:\/\/gruporochadelli.com.br\/wp-content\/uploads\/2021\/03\/estrutura08.jpg\" data-link=\"http:\/\/gruporochadelli.com.br\/index.php\/quem-somos\/estrutura08\/\" class=\"wp-image-2984\" srcset=\"https:\/\/gruporochadelli.com.br\/wp-content\/uploads\/2021\/03\/estrutura08-1024x576.jpg 1024w, https:\/\/gruporochadelli.com.br\/wp-content\/uploads\/2021\/03\/estrutura08-300x169.jpg 300w, https:\/\/gruporochadelli.com.br\/wp-content\/uploads\/2021\/03\/estrutura08-768x432.jpg 768w, https:\/\/gruporochadelli.com.br\/wp-content\/uploads\/2021\/03\/estrutura08.jpg 1200w\" sizes=\"(max-width: 1024px) 100vw, 1024px\" \/><\/a><\/figure><\/li><li class=\"blocks-gallery-item\"><figure><a href=\"http:\/\/gruporochadelli.com.br\/wp-content\/uploads\/2021\/03\/Limpeza-de-Testeira-de-Cobertura.jpeg\"><img loading=\"lazy\" width=\"1280\" height=\"960\" src=\"http:\/\/gruporochadelli.com.br\/wp-content\/uploads\/2021\/03\/Limpeza-de-Testeira-de-Cobertura.jpeg\" alt=\"\" data-id=\"2607\" data-link=\"http:\/\/gruporochadelli.com.br\/index.php\/quem-somos\/limpeza-de-testeira-de-cobertura\/\" class=\"wp-image-2607\" srcset=\"https:\/\/gruporochadelli.com.br\/wp-content\/uploads\/2021\/03\/Limpeza-de-Testeira-de-Cobertura.jpeg 1280w, https:\/\/gruporochadelli.com.br\/wp-content\/uploads\/2021\/03\/Limpeza-de-Testeira-de-Cobertura-300x225.jpeg 300w, https:\/\/gruporochadelli.com.br\/wp-content\/uploads\/2021\/03\/Limpeza-de-Testeira-de-Cobertura-1024x768.jpeg 1024w, https:\/\/gruporochadelli.com.br\/wp-content\/uploads\/2021\/03\/Limpeza-de-Testeira-de-Cobertura-768x576.jpeg 768w\" sizes=\"(max-width: 1280px) 100vw, 1280px\" \/><\/a><\/figure><\/li><\/ul><\/figure>\n\n\n\n<p><\/p>\n<\/div><\/section>\n\n\n\n<section class=\"wp-block-uagb-section uagb-section__wrap uagb-section__background-color uagb-block-1bdcb7ca\"><div class=\"uagb-section__overlay\"><\/div><div class=\"uagb-section__inner-wrap\">\n<section class=\"wp-block-uagb-columns uagb-columns__wrap uagb-columns__background-undefined uagb-columns__stack-mobile uagb-columns__valign-undefined uagb-columns__gap-10 alignundefined uagb-block-640f28c6\"><div class=\"uagb-columns__overlay\"><\/div><div class=\"uagb-columns__inner-wrap uagb-columns__columns-2\">\n<div class=\"wp-block-uagb-column uagb-column__wrap uagb-column__background-color uagb-block-7d2119b3\"><div class=\"uagb-column__overlay\"><\/div><div class=\"uagb-column__inner-wrap\">\n<h3 style=\"font-size:25px\"><strong>INSTALA\u00c7\u00d5ES<\/strong><\/h3>\n\n\n\n<div class=\"wp-block-image\"><figure class=\"alignleft size-large\"><img loading=\"lazy\" width=\"1024\" height=\"474\" src=\"http:\/\/gruporochadelli.com.br\/wp-content\/uploads\/2021\/02\/quemSomos2-1-1024x474.jpg\" alt=\"\" class=\"wp-image-2445\" srcset=\"https:\/\/gruporochadelli.com.br\/wp-content\/uploads\/2021\/02\/quemSomos2-1-1024x474.jpg 1024w, https:\/\/gruporochadelli.com.br\/wp-content\/uploads\/2021\/02\/quemSomos2-1-300x139.jpg 300w, https:\/\/gruporochadelli.com.br\/wp-content\/uploads\/2021\/02\/quemSomos2-1-768x355.jpg 768w, https:\/\/gruporochadelli.com.br\/wp-content\/uploads\/2021\/02\/quemSomos2-1.jpg 1206w\" sizes=\"(max-width: 1024px) 100vw, 1024px\" \/><\/figure><\/div>\n<\/div><\/div>\n\n\n\n<div class=\"wp-block-uagb-column uagb-column__wrap uagb-column__background-color uagb-block-9f024cd8\"><div class=\"uagb-column__overlay\"><\/div><div class=\"uagb-column__inner-wrap\">\n<div class=\"wp-block-uagb-info-box uagb-infobox__outer-wrap uagb-block-18bc2919\"><div class=\"uagb-infobox__content-wrap uagb-infobox uagb-infobox-has-icon uagb-infobox-icon-above-title uagb-infobox-image-valign-top uagb-infobox-enable-border-radius \"><div class=\"uagb-ifb-left-right-wrap\"><div class=\"uagb-ifb-content\"><div class=\"uagb-ifb-title-wrap\"><\/div><div class=\"uagb-ifb-text-wrap\"><p class=\"uagb-ifb-desc\"><strong>Barrac\u00e3o de 600,00m2:<\/strong><br>73,00 m2&nbsp; &#8211;&nbsp; Escrit\u00f3rio;<br>&nbsp;&nbsp;&nbsp;&nbsp;&nbsp;&nbsp; 149,00 m2&nbsp; &#8211;&nbsp; \u00c1rea para armazenamento de equipamentos das CIAs;<br>&nbsp;&nbsp;&nbsp;&nbsp;&nbsp;&nbsp;&nbsp;&nbsp; 96,00 m2&nbsp; &#8211;&nbsp; \u00c1rea para Estoque de Materiais e Equipamentos;<br>&nbsp;&nbsp;&nbsp;&nbsp;&nbsp; &nbsp;150,00 m2&nbsp; &#8211;&nbsp; Estacionamento fechado para a frota de ve\u00edculos;<br>&nbsp;&nbsp;&nbsp;&nbsp;&nbsp;&nbsp;&nbsp;&nbsp; 73,00 m2&nbsp; &#8211;&nbsp; \u00c1rea para armazenamento;<br>&nbsp;&nbsp;&nbsp;&nbsp;&nbsp;&nbsp;&nbsp;&nbsp; 59,00 m2&nbsp; &#8211;&nbsp; \u00c1rea de circula\u00e7\u00e3o.<br><br>Barrac\u00e3o de 330m2:<br>&nbsp;&nbsp;&nbsp;&nbsp;&nbsp;&nbsp;&nbsp;&nbsp;&nbsp;&nbsp; 45,00 m2&nbsp; &#8211;&nbsp; \u00c1rea para pintura e secagem de lataria;<br>&nbsp;&nbsp;&nbsp;&nbsp;&nbsp;&nbsp;&nbsp;&nbsp;&nbsp;200,00 m2&nbsp; &#8211;&nbsp; \u00c1rea para serralheria (Confec\u00e7\u00e3o de Pain\u00e9is, etc);<br>&nbsp;&nbsp;&nbsp;&nbsp;&nbsp;&nbsp;&nbsp;&nbsp;&nbsp;&nbsp; 85,00 m2&nbsp; &#8211;&nbsp; \u00c1rea de Estacionamento.<br>&nbsp;<br>Barrac\u00e3o de 334m2:<br>&nbsp;&nbsp;&nbsp;&nbsp;&nbsp;&nbsp;&nbsp; 250,00 m2&nbsp; &#8211;&nbsp; \u00c1rea de Estacionamento para frota de Ve\u00edculos;<br>&nbsp;&nbsp;&nbsp;&nbsp;&nbsp;&nbsp;&nbsp;&nbsp;&nbsp; 84,00 m2&nbsp; &#8211;&nbsp; Escrit\u00f3rio.<\/p><\/div><\/div><\/div><\/div><\/div>\n<\/div><\/div>\n<\/div><\/section>\n<\/div><\/section>\n\n\n\n<section class=\"wp-block-uagb-section uagb-section__wrap uagb-section__background-color uagb-block-ca48f7fc\"><div class=\"uagb-section__overlay\"><\/div><div class=\"uagb-section__inner-wrap\">\n<div class=\"wp-block-uagb-info-box uagb-infobox__outer-wrap uagb-block-5fc275f9\"><div class=\"uagb-infobox__content-wrap uagb-infobox uagb-infobox-has-image uagb-infobox-icon-above-title uagb-infobox-image-valign-top uagb-infobox-enable-border-radius \"><div class=\"uagb-ifb-left-right-wrap\"><div class=\"uagb-ifb-content\"><div class=\"uagb-ifb-title-wrap\"><h2 class=\"uagb-ifb-title\"><strong><span style=\"color:#100037\" class=\"has-inline-color\">DEPOIMENTO DE CLIENTE<\/span><\/strong><\/h2><\/div><div class=\"uagb-ifb-text-wrap\"><p class=\"uagb-ifb-desc\"><span style=\"color:#100037\" class=\"has-inline-color\">Parab\u00e9ns a equipe Rocha Delli, pelo profissionalismo e excelente trabalho realizado no posto<strong> DW2 em Rio do Sul<\/strong>.<br><em><br>O posto ficou maravilhoso, muito obrigado!<\/em><\/span><\/p><\/div><\/div><\/div><\/div><\/div>\n\n\n\n<div class=\"uagb-testomonial__outer-wrap uagb-slick-carousel uagb-tm__arrow-outside uagb-block-73bd89d4\"><div class=\"is-carousel uagb-tm__columns-1 uagb-tm__items\"><div class=\"uagb-testimonial__wrap  uagb-tm__imgicon-style-circle uagb-tm__image-position-bottom uagb-tm__bg-type-undefined \"><div class=\"uagb-tm__content\"><div class=\"uagb-tm__overlay\"><\/div><div class=\"uagb-tm__text-wrap\"><div class=\"uagb-testinomial-text-wrap\"><div class=\"uagb-tm__desc\"><\/div><\/div><div class=\"uagb-tm__meta\"><div class=\"uagb-tm__meta-inner\"><div class=\"uagb-testimonial-details\"><span class=\"uagb-tm__author-name\"><span style=\"color:#100037\" class=\"has-inline-color\">Joel Pereira dos Anjos Junior<\/span> <\/span><span class=\"uagb-tm__company\">Engenheiro da Companhia Ipiranga<\/span><\/div><\/div><\/div><\/div><\/div><\/div><\/div><\/div>\n<\/div><\/section>\n\n\n\n<section class=\"wp-block-uagb-section uagb-section__wrap uagb-section__background-color uagb-block-6b4786bc\"><div class=\"uagb-section__overlay\"><\/div><div class=\"uagb-section__inner-wrap\"><\/div><\/section>\n\n\n\n<section class=\"wp-block-uagb-section uagb-section__wrap uagb-section__background-color uagb-block-6483d5bc\"><div class=\"uagb-section__overlay\"><\/div><div class=\"uagb-section__inner-wrap\">\n<section class=\"wp-block-uagb-section uagb-section__wrap uagb-section__background-color uagb-block-8ee913ea\"><div class=\"uagb-section__overlay\"><\/div><div class=\"uagb-section__inner-wrap\">\n<section class=\"wp-block-uagb-columns uagb-columns__wrap uagb-columns__background-undefined uagb-columns__stack-mobile uagb-columns__valign-undefined uagb-columns__gap-10 alignundefined uagb-block-e7df58aa\"><div class=\"uagb-columns__overlay\"><\/div><div class=\"uagb-columns__inner-wrap uagb-columns__columns-3\">\n<div class=\"wp-block-uagb-column uagb-column__wrap uagb-column__background-undefined uagb-block-f2b3a3a1\"><div class=\"uagb-column__overlay\"><\/div><div class=\"uagb-column__inner-wrap\">\n<div class=\"wp-block-uagb-info-box uagb-infobox__outer-wrap uagb-block-45262fad\"><div class=\"uagb-infobox__content-wrap uagb-infobox uagb-infobox-has-icon uagb-infobox-icon-above-title uagb-infobox-image-valign-top uagb-infobox-enable-border-radius \"><div class=\"uagb-ifb-left-right-wrap\"><div class=\"uagb-ifb-content\"><div class=\"uagb-ifb-title-wrap\"><h4 class=\"uagb-ifb-title\">Canais de Atendimento<\/h4><\/div><div class=\"uagb-ifb-text-wrap\"><p class=\"uagb-ifb-desc\">Whatsapp: (41) 3663-0520<br>Telefone: (41)  3621-1210<br>E-mail: janete@rochadelli.com.br <\/p><\/div><\/div><\/div><\/div><\/div>\n<\/div><\/div>\n\n\n\n<div class=\"wp-block-uagb-column uagb-column__wrap uagb-column__background-undefined uagb-block-5aa574b0\"><div class=\"uagb-column__overlay\"><\/div><div class=\"uagb-column__inner-wrap\">\n<div class=\"wp-block-uagb-info-box uagb-infobox__outer-wrap uagb-block-0b681a54\"><div class=\"uagb-infobox__content-wrap uagb-infobox uagb-infobox-has-icon uagb-infobox-icon-above-title uagb-infobox-image-valign-top uagb-infobox-enable-border-radius \"><div class=\"uagb-ifb-left-right-wrap\"><div class=\"uagb-ifb-content\"><div class=\"uagb-ifb-title-wrap\"><h3 class=\"uagb-ifb-title\">Acesso<\/h3><\/div><div class=\"uagb-ifb-text-wrap\"><p class=\"uagb-ifb-desc\"><a href=\"http:\/\/gruporochadelli.com.br\/\">Home<\/a><br><a href=\"http:\/\/gruporochadelli.com.br\/index.php\/quem-somos\/\">Quem Somos<\/a><br><a href=\"http:\/\/gruporochadelli.com.br\/index.php\/servicos\/\">Servi\u00e7os<\/a><br><a href=\"http:\/\/gruporochadelli.com.br\/index.php\/incorporadora\/\">Incorporadora<\/a><br><a href=\"http:\/\/gruporochadelli.com.br\/index.php\/farmacia\/\">Farm\u00e1cia<\/a><br><a href=\"http:\/\/gruporochadelli.com.br\/index.php\/area-do-cliente\/\">PMI<\/a><br><a href=\"http:\/\/gruporochadelli.com.br\/index.php\/contato-2\/\">Contato<\/a><br><\/p><\/div><\/div><\/div><\/div><\/div>\n<\/div><\/div>\n\n\n\n<div class=\"wp-block-uagb-column uagb-column__wrap uagb-column__background-undefined uagb-block-68b2414b\"><div class=\"uagb-column__overlay\"><\/div><div class=\"uagb-column__inner-wrap\">\n<div class=\"wp-block-uagb-info-box uagb-infobox__outer-wrap uagb-block-24dad2e5\"><div class=\"uagb-infobox__content-wrap uagb-infobox uagb-infobox-has-icon uagb-infobox-icon-below-title uagb-infobox-image-valign-top uagb-infobox-enable-border-radius \"><div class=\"uagb-ifb-left-right-wrap\"><div class=\"uagb-ifb-content\"><div class=\"uagb-ifb-title-wrap\"><h3 class=\"uagb-ifb-title\">Paran\u00e1<\/h3><\/div><div class=\"uagb-ifb-image-icon-content uagb-ifb-imgicon-wrap\"><div class=\"uagb-ifb-icon-wrap\"><span class=\"uagb-ifb-icon\"><svg xmlns=\"http:\/\/www.w3.org\/2000\/svg\" viewbox=\"0 0 384 512\"><path d=\"M172.268 501.67C26.97 291.031 0 269.413 0 192 0 85.961 85.961 0 192 0s192 85.961 192 192c0 77.413-26.97 99.031-172.268 309.67-9.535 13.774-29.93 13.773-39.464 0zM192 272c44.183 0 80-35.817 80-80s-35.817-80-80-80-80 35.817-80 80 35.817 80 80 80z\"><\/path><\/svg><\/span><\/div><\/div><div class=\"uagb-ifb-text-wrap\"><p class=\"uagb-ifb-desc\">Travessa La Paz, 16 &#8211; Campo Pequeno &#8211; COLOMBO \u2013 PR<\/p><div class=\"uagb-ifb-separator-parent\"><div class=\"uagb-ifb-separator\"><\/div><\/div><\/div><\/div><\/div><\/div><\/div>\n\n\n\n<div class=\"wp-block-uagb-info-box uagb-infobox__outer-wrap uagb-block-8130c13d\"><div class=\"uagb-infobox__content-wrap uagb-infobox uagb-infobox-has-icon uagb-infobox-icon-below-title uagb-infobox-image-valign-top uagb-infobox-enable-border-radius \"><div class=\"uagb-ifb-left-right-wrap\"><div class=\"uagb-ifb-content\"><div class=\"uagb-ifb-title-wrap\"><h4 class=\"uagb-ifb-title\">RIO GRANDE DO SUL<\/h4><\/div><div class=\"uagb-ifb-image-icon-content uagb-ifb-imgicon-wrap\"><div class=\"uagb-ifb-icon-wrap\"><span class=\"uagb-ifb-icon\"><svg xmlns=\"http:\/\/www.w3.org\/2000\/svg\" viewbox=\"0 0 384 512\"><path d=\"M172.268 501.67C26.97 291.031 0 269.413 0 192 0 85.961 85.961 0 192 0s192 85.961 192 192c0 77.413-26.97 99.031-172.268 309.67-9.535 13.774-29.93 13.773-39.464 0zM192 272c44.183 0 80-35.817 80-80s-35.817-80-80-80-80 35.817-80 80 35.817 80 80 80z\"><\/path><\/svg><\/span><\/div><\/div><div class=\"uagb-ifb-text-wrap\"><p class=\"uagb-ifb-desc\">Rua Borges de Medeiros, 972<br>Niter\u00f3i \u2013 Canoas \u2013 RS.<\/p><\/div><\/div><\/div><\/div><\/div>\n<\/div><\/div>\n<\/div><\/section>\n<\/div><\/section>\n<\/div><\/section>\n","protected":false},"excerpt":{"rendered":"","protected":false},"author":1,"featured_media":0,"parent":0,"menu_order":0,"comment_status":"closed","ping_status":"closed","template":"","meta":[],"uagb_featured_image_src":{"full":false,"thumbnail":false,"medium":false,"medium_large":false,"large":false,"1536x1536":false,"2048x2048":false},"uagb_author_info":{"display_name":"RjmkzIkyCE","author_link":"https:\/\/gruporochadelli.com.br\/index.php\/author\/rjmkzikyce\/"},"uagb_comment_info":0,"uagb_excerpt":null,"_links":{"self":[{"href":"https:\/\/gruporochadelli.com.br\/index.php\/wp-json\/wp\/v2\/pages\/18"}],"collection":[{"href":"https:\/\/gruporochadelli.com.br\/index.php\/wp-json\/wp\/v2\/pages"}],"about":[{"href":"https:\/\/gruporochadelli.com.br\/index.php\/wp-json\/wp\/v2\/types\/page"}],"author":[{"embeddable":true,"href":"https:\/\/gruporochadelli.com.br\/index.php\/wp-json\/wp\/v2\/users\/1"}],"replies":[{"embeddable":true,"href":"https:\/\/gruporochadelli.com.br\/index.php\/wp-json\/wp\/v2\/comments?post=18"}],"version-history":[{"count":383,"href":"https:\/\/gruporochadelli.com.br\/index.php\/wp-json\/wp\/v2\/pages\/18\/revisions"}],"predecessor-version":[{"id":4646,"href":"https:\/\/gruporochadelli.com.br\/index.php\/wp-json\/wp\/v2\/pages\/18\/revisions\/4646"}],"wp:attachment":[{"href":"https:\/\/gruporochadelli.com.br\/index.php\/wp-json\/wp\/v2\/media?parent=18"}],"curies":[{"name":"wp","href":"https:\/\/api.w.org\/{rel}","templated":true}]}}