{"id":12,"date":"2021-01-31T16:36:07","date_gmt":"2021-01-31T19:36:07","guid":{"rendered":"http:\/\/gruporochadelli.com.br\/?page_id=12"},"modified":"2021-04-06T15:41:07","modified_gmt":"2021-04-06T18:41:07","slug":"farmacia","status":"publish","type":"page","link":"https:\/\/gruporochadelli.com.br\/index.php\/farmacia\/","title":{"rendered":"FARM\u00c1CIA"},"content":{"rendered":"\n<section class=\"wp-block-uagb-section uagb-section__wrap uagb-section__background-image alignfull uagb-block-26537670\"><div class=\"uagb-section__overlay\"><\/div><div class=\"uagb-section__inner-wrap\">\n<div class=\"wp-block-uagb-info-box uagb-infobox__outer-wrap uagb-block-80aa040e\"><div class=\"uagb-infobox__content-wrap uagb-infobox uagb-infobox-has-icon uagb-infobox-icon-above-title uagb-infobox-image-valign-top uagb-infobox-enable-border-radius \"><div class=\"uagb-ifb-left-right-wrap\"><div class=\"uagb-ifb-content\"><div class=\"uagb-ifb-title-wrap\"><\/div><div class=\"uagb-ifb-text-wrap\"><\/div><\/div><\/div><\/div><\/div>\n<\/div><\/section>\n\n\n\n<section class=\"wp-block-uagb-section uagb-section__wrap uagb-section__background-color uagb-block-c430fcbd\"><div class=\"uagb-section__overlay\"><\/div><div class=\"uagb-section__inner-wrap\">\n<p class=\"has-text-align-center has-text-color\" style=\"color:#27328b;font-size:19px\"><strong>NOSSA FAM\u00cdLIA CUIDANDO DA SUA<\/strong><\/p>\n<\/div><\/section>\n\n\n\n<figure class=\"wp-block-gallery aligncenter columns-3 is-cropped\"><ul class=\"blocks-gallery-grid\"><li class=\"blocks-gallery-item\"><figure><a href=\"http:\/\/gruporochadelli.com.br\/wp-content\/uploads\/2021\/02\/farmacia01-1.jpg\"><img loading=\"lazy\" width=\"752\" height=\"564\" src=\"http:\/\/gruporochadelli.com.br\/wp-content\/uploads\/2021\/02\/farmacia01-1.jpg\" alt=\"\" data-id=\"445\" data-link=\"http:\/\/gruporochadelli.com.br\/index.php\/farmacia\/farmacia01-1\/\" class=\"wp-image-445\" srcset=\"https:\/\/gruporochadelli.com.br\/wp-content\/uploads\/2021\/02\/farmacia01-1.jpg 752w, https:\/\/gruporochadelli.com.br\/wp-content\/uploads\/2021\/02\/farmacia01-1-300x225.jpg 300w\" sizes=\"(max-width: 752px) 100vw, 752px\" \/><\/a><\/figure><\/li><li class=\"blocks-gallery-item\"><figure><a href=\"http:\/\/gruporochadelli.com.br\/wp-content\/uploads\/2021\/02\/farmacia02.jpg\"><img loading=\"lazy\" width=\"750\" height=\"750\" src=\"http:\/\/gruporochadelli.com.br\/wp-content\/uploads\/2021\/02\/farmacia02.jpg\" alt=\"\" data-id=\"446\" data-link=\"http:\/\/gruporochadelli.com.br\/index.php\/farmacia\/farmacia02\/\" class=\"wp-image-446\" srcset=\"https:\/\/gruporochadelli.com.br\/wp-content\/uploads\/2021\/02\/farmacia02.jpg 750w, https:\/\/gruporochadelli.com.br\/wp-content\/uploads\/2021\/02\/farmacia02-300x300.jpg 300w, https:\/\/gruporochadelli.com.br\/wp-content\/uploads\/2021\/02\/farmacia02-150x150.jpg 150w\" sizes=\"(max-width: 750px) 100vw, 750px\" \/><\/a><\/figure><\/li><li class=\"blocks-gallery-item\"><figure><a href=\"http:\/\/gruporochadelli.com.br\/wp-content\/uploads\/2021\/02\/farmacia03.jpg\"><img loading=\"lazy\" width=\"750\" height=\"562\" src=\"http:\/\/gruporochadelli.com.br\/wp-content\/uploads\/2021\/02\/farmacia03.jpg\" alt=\"\" data-id=\"447\" data-link=\"http:\/\/gruporochadelli.com.br\/index.php\/farmacia\/farmacia03\/\" class=\"wp-image-447\" srcset=\"https:\/\/gruporochadelli.com.br\/wp-content\/uploads\/2021\/02\/farmacia03.jpg 750w, https:\/\/gruporochadelli.com.br\/wp-content\/uploads\/2021\/02\/farmacia03-300x225.jpg 300w\" sizes=\"(max-width: 750px) 100vw, 750px\" \/><\/a><\/figure><\/li><li class=\"blocks-gallery-item\"><figure><a href=\"http:\/\/gruporochadelli.com.br\/wp-content\/uploads\/2021\/02\/farmacia04.jpg\"><img loading=\"lazy\" width=\"750\" height=\"562\" src=\"http:\/\/gruporochadelli.com.br\/wp-content\/uploads\/2021\/02\/farmacia04.jpg\" alt=\"\" data-id=\"448\" data-link=\"http:\/\/gruporochadelli.com.br\/index.php\/farmacia\/farmacia04\/\" class=\"wp-image-448\" srcset=\"https:\/\/gruporochadelli.com.br\/wp-content\/uploads\/2021\/02\/farmacia04.jpg 750w, https:\/\/gruporochadelli.com.br\/wp-content\/uploads\/2021\/02\/farmacia04-300x225.jpg 300w\" sizes=\"(max-width: 750px) 100vw, 750px\" \/><\/a><\/figure><\/li><li class=\"blocks-gallery-item\"><figure><a href=\"http:\/\/gruporochadelli.com.br\/wp-content\/uploads\/2021\/02\/farmacia05.jpg\"><img loading=\"lazy\" width=\"750\" height=\"562\" src=\"http:\/\/gruporochadelli.com.br\/wp-content\/uploads\/2021\/02\/farmacia05.jpg\" alt=\"\" data-id=\"449\" data-link=\"http:\/\/gruporochadelli.com.br\/index.php\/farmacia\/farmacia05\/\" class=\"wp-image-449\" srcset=\"https:\/\/gruporochadelli.com.br\/wp-content\/uploads\/2021\/02\/farmacia05.jpg 750w, https:\/\/gruporochadelli.com.br\/wp-content\/uploads\/2021\/02\/farmacia05-300x225.jpg 300w\" sizes=\"(max-width: 750px) 100vw, 750px\" \/><\/a><\/figure><\/li><li class=\"blocks-gallery-item\"><figure><a href=\"http:\/\/gruporochadelli.com.br\/wp-content\/uploads\/2021\/02\/farmacia06.jpg\"><img loading=\"lazy\" width=\"750\" height=\"562\" src=\"http:\/\/gruporochadelli.com.br\/wp-content\/uploads\/2021\/02\/farmacia06.jpg\" alt=\"\" data-id=\"451\" data-full-url=\"http:\/\/gruporochadelli.com.br\/wp-content\/uploads\/2021\/02\/farmacia06.jpg\" data-link=\"http:\/\/gruporochadelli.com.br\/index.php\/farmacia\/farmacia06\/\" class=\"wp-image-451\" srcset=\"https:\/\/gruporochadelli.com.br\/wp-content\/uploads\/2021\/02\/farmacia06.jpg 750w, https:\/\/gruporochadelli.com.br\/wp-content\/uploads\/2021\/02\/farmacia06-300x225.jpg 300w\" sizes=\"(max-width: 750px) 100vw, 750px\" \/><\/a><\/figure><\/li><\/ul><\/figure>\n\n\n\n<section class=\"wp-block-uagb-section uagb-section__wrap uagb-section__background-color uagb-block-ec3d1a0d\"><div class=\"uagb-section__overlay\"><\/div><div class=\"uagb-section__inner-wrap\">\n<p class=\"has-text-align-left\" style=\"font-size:26px\"><span style=\"color:#bd2435\" class=\"has-inline-color\"><strong>Central de Atendimento<\/strong><\/span><\/p>\n<\/div><\/section>\n\n\n\n<section class=\"wp-block-uagb-section uagb-section__wrap uagb-section__background-color uagb-block-23292bfd\"><div class=\"uagb-section__overlay\"><\/div><div class=\"uagb-section__inner-wrap\">\n<section class=\"wp-block-uagb-columns uagb-columns__wrap uagb-columns__background-undefined uagb-columns__stack-mobile uagb-columns__valign-undefined uagb-columns__gap-10 alignundefined uagb-block-ff0a01d4\"><div class=\"uagb-columns__overlay\"><\/div><div class=\"uagb-columns__inner-wrap uagb-columns__columns-2\">\n<div class=\"wp-block-uagb-column uagb-column__wrap uagb-column__background-undefined uagb-block-98a76a8e\"><div class=\"uagb-column__overlay\"><\/div><div class=\"uagb-column__inner-wrap\">\n<figure class=\"wp-block-image size-large\"><img loading=\"lazy\" width=\"400\" height=\"89\" src=\"http:\/\/gruporochadelli.com.br\/wp-content\/uploads\/2021\/02\/logorodpe.jpg\" alt=\"\" class=\"wp-image-2452\" srcset=\"https:\/\/gruporochadelli.com.br\/wp-content\/uploads\/2021\/02\/logorodpe.jpg 400w, https:\/\/gruporochadelli.com.br\/wp-content\/uploads\/2021\/02\/logorodpe-300x67.jpg 300w\" sizes=\"(max-width: 400px) 100vw, 400px\" \/><figcaption>        <strong>Farmac\u00eautico Respons\u00e1vel: CARLOS<\/strong><\/figcaption><\/figure>\n\n\n\n<p><\/p>\n<\/div><\/div>\n\n\n\n<div class=\"wp-block-uagb-column uagb-column__wrap uagb-column__background-undefined uagb-block-adb3ac68\"><div class=\"uagb-column__overlay\"><\/div><div class=\"uagb-column__inner-wrap\">\n<div class=\"wp-block-uagb-info-box uagb-infobox__outer-wrap uagb-block-66c40657\"><div class=\"uagb-infobox__content-wrap uagb-infobox uagb-infobox-has-icon uagb-infobox-icon-left-title uagb-infobox-left uagb-infobox-image-valign-top uagb-infobox-enable-border-radius \"><div class=\"uagb-ifb-left-right-wrap\"><div class=\"uagb-ifb-content\"><div class=\"uagb-ifb-left-title-image\"><div class=\"uagb-ifb-image-icon-content uagb-ifb-imgicon-wrap\"><div class=\"uagb-ifb-icon-wrap\"><span class=\"uagb-ifb-icon\"><svg xmlns=\"http:\/\/www.w3.org\/2000\/svg\" viewbox=\"0 0 512 512\"><path d=\"M497.39 361.8l-112-48a24 24 0 0 0-28 6.9l-49.6 60.6A370.66 370.66 0 0 1 130.6 204.11l60.6-49.6a23.94 23.94 0 0 0 6.9-28l-48-112A24.16 24.16 0 0 0 122.6.61l-104 24A24 24 0 0 0 0 48c0 256.5 207.9 464 464 464a24 24 0 0 0 23.4-18.6l24-104a24.29 24.29 0 0 0-14.01-27.6z\"><\/path><\/svg><\/span><\/div><\/div><div class=\"uagb-ifb-title-wrap\"><h4 class=\"uagb-ifb-title\">41 3663-0372<br>41 9917-7226<\/h4><\/div><\/div><div class=\"uagb-ifb-text-wrap\"><p class=\"uagb-ifb-desc\">Entrega gr\u00e1tis na regi\u00e3o do Campo Pequeno, Osasco, Ro\u00e7a Grande, S\u00e3o Gabriel, Jd. Marambaia. Grande, S\u00e3o Gabriel, Jd. Marambaia. <\/p><\/div><\/div><\/div><\/div><\/div>\n<\/div><\/div>\n<\/div><\/section>\n<\/div><\/section>\n\n\n\n<section class=\"wp-block-uagb-section uagb-section__wrap uagb-section__background-undefined alignfull uagb-block-cb267f52\"><div class=\"uagb-section__overlay\"><\/div><div class=\"uagb-section__inner-wrap\">\n<p class=\"has-text-align-center\">Localiza\u00e7\u00e3o<\/p>\n\n\n\n<div class=\"wp-block-uagb-google-map uagb-google-map__wrap uagb-block-92cd7167\"><iframe class=\"uagb-google-map__iframe\" title=\"Google Map for Rua Andr\u00e9 Nadolny, 933 \u2013 Campo Pequeno \u2013 Colombo \u2013 Pr\" src=\"https:\/\/www.google.com\/maps\/embed\/v1\/place?key=AIzaSyAsd_d46higiozY-zNqtr7zdA81Soswje4&amp;q=Rua%20Andr%C3%A9%20Nadolny,%20933%20%E2%80%93%20Campo%20Pequeno%20%E2%80%93%20Colombo%20%E2%80%93%20Pr&amp;zoom=12&amp;language=pt\" style=\"height:300px\"><\/iframe><\/div>\n<\/div><\/section>\n\n\n\n<section class=\"wp-block-uagb-section uagb-section__wrap uagb-section__background-color alignfull uagb-block-e9d70c78\"><div class=\"uagb-section__overlay\"><\/div><div class=\"uagb-section__inner-wrap\"><\/div><\/section>\n\n\n\n<section class=\"wp-block-uagb-section uagb-section__wrap uagb-section__background-color uagb-block-6483d5bc\"><div class=\"uagb-section__overlay\"><\/div><div class=\"uagb-section__inner-wrap\">\n<section class=\"wp-block-uagb-section uagb-section__wrap uagb-section__background-color uagb-block-8ee913ea\"><div class=\"uagb-section__overlay\"><\/div><div class=\"uagb-section__inner-wrap\">\n<section class=\"wp-block-uagb-columns uagb-columns__wrap uagb-columns__background-undefined uagb-columns__stack-mobile uagb-columns__valign-undefined uagb-columns__gap-10 alignundefined uagb-block-e7df58aa\"><div class=\"uagb-columns__overlay\"><\/div><div class=\"uagb-columns__inner-wrap uagb-columns__columns-3\">\n<div class=\"wp-block-uagb-column uagb-column__wrap uagb-column__background-undefined uagb-block-f2b3a3a1\"><div class=\"uagb-column__overlay\"><\/div><div class=\"uagb-column__inner-wrap\">\n<div class=\"wp-block-uagb-info-box uagb-infobox__outer-wrap uagb-block-45262fad\"><div class=\"uagb-infobox__content-wrap uagb-infobox uagb-infobox-has-icon uagb-infobox-icon-above-title uagb-infobox-image-valign-top uagb-infobox-enable-border-radius \"><div class=\"uagb-ifb-left-right-wrap\"><div class=\"uagb-ifb-content\"><div class=\"uagb-ifb-title-wrap\"><h4 class=\"uagb-ifb-title\">Canais de Atendimento<\/h4><\/div><div class=\"uagb-ifb-text-wrap\"><p class=\"uagb-ifb-desc\">Whatsapp: (41) 3663-0520<br>Telefone: (41)  3621-1210<br>E-mail: janete@rochadelli.com.br <\/p><\/div><\/div><\/div><\/div><\/div>\n<\/div><\/div>\n\n\n\n<div class=\"wp-block-uagb-column uagb-column__wrap uagb-column__background-undefined uagb-block-5aa574b0\"><div class=\"uagb-column__overlay\"><\/div><div class=\"uagb-column__inner-wrap\">\n<div class=\"wp-block-uagb-info-box uagb-infobox__outer-wrap uagb-block-0b681a54\"><div class=\"uagb-infobox__content-wrap uagb-infobox uagb-infobox-has-icon uagb-infobox-icon-above-title uagb-infobox-image-valign-top uagb-infobox-enable-border-radius \"><div class=\"uagb-ifb-left-right-wrap\"><div class=\"uagb-ifb-content\"><div class=\"uagb-ifb-title-wrap\"><h3 class=\"uagb-ifb-title\">Acesso<\/h3><\/div><div class=\"uagb-ifb-text-wrap\"><p class=\"uagb-ifb-desc\"><a href=\"http:\/\/gruporochadelli.com.br\/\">Home<\/a><br><a href=\"http:\/\/gruporochadelli.com.br\/index.php\/quem-somos\/\">Quem Somos<\/a><br><a href=\"http:\/\/gruporochadelli.com.br\/index.php\/servicos\/\">Servi\u00e7os<\/a><br><a href=\"http:\/\/gruporochadelli.com.br\/index.php\/incorporadora\/\">Incorporadora<\/a><br><a href=\"http:\/\/gruporochadelli.com.br\/index.php\/farmacia\/\">Farm\u00e1cia<\/a><br><a href=\"http:\/\/gruporochadelli.com.br\/index.php\/area-do-cliente\/\">PMI<\/a><br><a href=\"http:\/\/gruporochadelli.com.br\/index.php\/contato-2\/\">Contato<\/a><br><\/p><\/div><\/div><\/div><\/div><\/div>\n<\/div><\/div>\n\n\n\n<div class=\"wp-block-uagb-column uagb-column__wrap uagb-column__background-undefined uagb-block-68b2414b\"><div class=\"uagb-column__overlay\"><\/div><div class=\"uagb-column__inner-wrap\">\n<div class=\"wp-block-uagb-info-box uagb-infobox__outer-wrap uagb-block-24dad2e5\"><div class=\"uagb-infobox__content-wrap uagb-infobox uagb-infobox-has-icon uagb-infobox-icon-below-title uagb-infobox-image-valign-top uagb-infobox-enable-border-radius \"><div class=\"uagb-ifb-left-right-wrap\"><div class=\"uagb-ifb-content\"><div class=\"uagb-ifb-title-wrap\"><h3 class=\"uagb-ifb-title\">Paran\u00e1<\/h3><\/div><div class=\"uagb-ifb-image-icon-content uagb-ifb-imgicon-wrap\"><div class=\"uagb-ifb-icon-wrap\"><span class=\"uagb-ifb-icon\"><svg xmlns=\"http:\/\/www.w3.org\/2000\/svg\" viewbox=\"0 0 384 512\"><path d=\"M172.268 501.67C26.97 291.031 0 269.413 0 192 0 85.961 85.961 0 192 0s192 85.961 192 192c0 77.413-26.97 99.031-172.268 309.67-9.535 13.774-29.93 13.773-39.464 0zM192 272c44.183 0 80-35.817 80-80s-35.817-80-80-80-80 35.817-80 80 35.817 80 80 80z\"><\/path><\/svg><\/span><\/div><\/div><div class=\"uagb-ifb-text-wrap\"><p class=\"uagb-ifb-desc\">Travessa La Paz, 16 &#8211; Campo Pequeno &#8211; COLOMBO \u2013 PR<\/p><div class=\"uagb-ifb-separator-parent\"><div class=\"uagb-ifb-separator\"><\/div><\/div><\/div><\/div><\/div><\/div><\/div>\n\n\n\n<div class=\"wp-block-uagb-info-box uagb-infobox__outer-wrap uagb-block-8130c13d\"><div class=\"uagb-infobox__content-wrap uagb-infobox uagb-infobox-has-icon uagb-infobox-icon-below-title uagb-infobox-image-valign-top uagb-infobox-enable-border-radius \"><div class=\"uagb-ifb-left-right-wrap\"><div class=\"uagb-ifb-content\"><div class=\"uagb-ifb-title-wrap\"><h4 class=\"uagb-ifb-title\">RIO GRANDE DO SUL<\/h4><\/div><div class=\"uagb-ifb-image-icon-content uagb-ifb-imgicon-wrap\"><div class=\"uagb-ifb-icon-wrap\"><span class=\"uagb-ifb-icon\"><svg xmlns=\"http:\/\/www.w3.org\/2000\/svg\" viewbox=\"0 0 384 512\"><path d=\"M172.268 501.67C26.97 291.031 0 269.413 0 192 0 85.961 85.961 0 192 0s192 85.961 192 192c0 77.413-26.97 99.031-172.268 309.67-9.535 13.774-29.93 13.773-39.464 0zM192 272c44.183 0 80-35.817 80-80s-35.817-80-80-80-80 35.817-80 80 35.817 80 80 80z\"><\/path><\/svg><\/span><\/div><\/div><div class=\"uagb-ifb-text-wrap\"><p class=\"uagb-ifb-desc\">Rua Borges de Medeiros, 972<br>Niter\u00f3i \u2013 Canoas \u2013 RS.<\/p><\/div><\/div><\/div><\/div><\/div>\n<\/div><\/div>\n<\/div><\/section>\n<\/div><\/section>\n<\/div><\/section>\n","protected":false},"excerpt":{"rendered":"","protected":false},"author":1,"featured_media":0,"parent":0,"menu_order":0,"comment_status":"closed","ping_status":"closed","template":"","meta":[],"uagb_featured_image_src":{"full":false,"thumbnail":false,"medium":false,"medium_large":false,"large":false,"1536x1536":false,"2048x2048":false},"uagb_author_info":{"display_name":"RjmkzIkyCE","author_link":"https:\/\/gruporochadelli.com.br\/index.php\/author\/rjmkzikyce\/"},"uagb_comment_info":0,"uagb_excerpt":null,"_links":{"self":[{"href":"https:\/\/gruporochadelli.com.br\/index.php\/wp-json\/wp\/v2\/pages\/12"}],"collection":[{"href":"https:\/\/gruporochadelli.com.br\/index.php\/wp-json\/wp\/v2\/pages"}],"about":[{"href":"https:\/\/gruporochadelli.com.br\/index.php\/wp-json\/wp\/v2\/types\/page"}],"author":[{"embeddable":true,"href":"https:\/\/gruporochadelli.com.br\/index.php\/wp-json\/wp\/v2\/users\/1"}],"replies":[{"embeddable":true,"href":"https:\/\/gruporochadelli.com.br\/index.php\/wp-json\/wp\/v2\/comments?post=12"}],"version-history":[{"count":151,"href":"https:\/\/gruporochadelli.com.br\/index.php\/wp-json\/wp\/v2\/pages\/12\/revisions"}],"predecessor-version":[{"id":4642,"href":"https:\/\/gruporochadelli.com.br\/index.php\/wp-json\/wp\/v2\/pages\/12\/revisions\/4642"}],"wp:attachment":[{"href":"https:\/\/gruporochadelli.com.br\/index.php\/wp-json\/wp\/v2\/media?parent=12"}],"curies":[{"name":"wp","href":"https:\/\/api.w.org\/{rel}","templated":true}]}}