{"id":587,"date":"2021-02-04T17:29:36","date_gmt":"2021-02-04T20:29:36","guid":{"rendered":"http:\/\/gruporochadelli.com.br\/?page_id=587"},"modified":"2021-04-06T15:41:59","modified_gmt":"2021-04-06T18:41:59","slug":"fotos-dos-servicos","status":"publish","type":"page","link":"http:\/\/gruporochadelli.com.br\/index.php\/fotos-dos-servicos\/","title":{"rendered":"Fotos dos Servi\u00e7os"},"content":{"rendered":"\n<section class=\"wp-block-uagb-section uagb-section__wrap uagb-section__background-color uagb-block-4bb55f17\"><div class=\"uagb-section__overlay\"><\/div><div class=\"uagb-section__inner-wrap\">\n<h2 class=\"alignfull has-text-align-center has-text-color\" style=\"color:#717375;font-size:40px\">Servi\u00e7os da Manuten\u00e7\u00e3o<\/h2>\n<\/div><\/section>\n\n\n\n<section class=\"wp-block-uagb-section uagb-section__wrap uagb-section__background-color uagb-block-dab117dd\"><div class=\"uagb-section__overlay\"><\/div><div class=\"uagb-section__inner-wrap\">\n<figure class=\"wp-block-gallery columns-4 is-cropped\"><ul class=\"blocks-gallery-grid\"><li class=\"blocks-gallery-item\"><figure><a href=\"http:\/\/gruporochadelli.com.br\/wp-content\/uploads\/2021\/02\/Limpeza-de-Forro-de-PVC-1.jpg\"><img loading=\"lazy\" width=\"750\" height=\"562\" src=\"http:\/\/gruporochadelli.com.br\/wp-content\/uploads\/2021\/02\/Limpeza-de-Forro-de-PVC-1.jpg\" alt=\"\" data-id=\"588\" data-link=\"http:\/\/gruporochadelli.com.br\/?attachment_id=588\" class=\"wp-image-588\" srcset=\"http:\/\/gruporochadelli.com.br\/wp-content\/uploads\/2021\/02\/Limpeza-de-Forro-de-PVC-1.jpg 750w, http:\/\/gruporochadelli.com.br\/wp-content\/uploads\/2021\/02\/Limpeza-de-Forro-de-PVC-1-300x225.jpg 300w\" sizes=\"(max-width: 750px) 100vw, 750px\" \/><\/a><\/figure><\/li><li class=\"blocks-gallery-item\"><figure><a href=\"http:\/\/gruporochadelli.com.br\/wp-content\/uploads\/2021\/02\/servio\u00e7os10-1.jpg\"><img loading=\"lazy\" width=\"750\" height=\"562\" src=\"http:\/\/gruporochadelli.com.br\/wp-content\/uploads\/2021\/02\/servio\u00e7os10-1.jpg\" alt=\"\" data-id=\"589\" data-link=\"http:\/\/gruporochadelli.com.br\/?attachment_id=589\" class=\"wp-image-589\" srcset=\"http:\/\/gruporochadelli.com.br\/wp-content\/uploads\/2021\/02\/servio\u00e7os10-1.jpg 750w, http:\/\/gruporochadelli.com.br\/wp-content\/uploads\/2021\/02\/servio\u00e7os10-1-300x225.jpg 300w\" sizes=\"(max-width: 750px) 100vw, 750px\" \/><\/a><\/figure><\/li><li class=\"blocks-gallery-item\"><figure><a href=\"http:\/\/gruporochadelli.com.br\/wp-content\/uploads\/2021\/02\/servio\u00e7os8-1.jpg\"><img loading=\"lazy\" width=\"750\" height=\"562\" src=\"http:\/\/gruporochadelli.com.br\/wp-content\/uploads\/2021\/02\/servio\u00e7os8-1.jpg\" alt=\"\" data-id=\"590\" data-link=\"http:\/\/gruporochadelli.com.br\/?attachment_id=590\" class=\"wp-image-590\" srcset=\"http:\/\/gruporochadelli.com.br\/wp-content\/uploads\/2021\/02\/servio\u00e7os8-1.jpg 750w, http:\/\/gruporochadelli.com.br\/wp-content\/uploads\/2021\/02\/servio\u00e7os8-1-300x225.jpg 300w\" sizes=\"(max-width: 750px) 100vw, 750px\" \/><\/a><\/figure><\/li><li class=\"blocks-gallery-item\"><figure><a href=\"http:\/\/gruporochadelli.com.br\/wp-content\/uploads\/2021\/02\/servio\u00e7os14.jpg\"><img loading=\"lazy\" width=\"750\" height=\"562\" src=\"http:\/\/gruporochadelli.com.br\/wp-content\/uploads\/2021\/02\/servio\u00e7os14.jpg\" alt=\"\" data-id=\"591\" data-link=\"http:\/\/gruporochadelli.com.br\/?attachment_id=591\" class=\"wp-image-591\" srcset=\"http:\/\/gruporochadelli.com.br\/wp-content\/uploads\/2021\/02\/servio\u00e7os14.jpg 750w, http:\/\/gruporochadelli.com.br\/wp-content\/uploads\/2021\/02\/servio\u00e7os14-300x225.jpg 300w\" sizes=\"(max-width: 750px) 100vw, 750px\" \/><\/a><\/figure><\/li><li class=\"blocks-gallery-item\"><figure><a href=\"http:\/\/gruporochadelli.com.br\/wp-content\/uploads\/2021\/02\/servio\u00e7os15.jpg\"><img loading=\"lazy\" width=\"750\" height=\"562\" src=\"http:\/\/gruporochadelli.com.br\/wp-content\/uploads\/2021\/02\/servio\u00e7os15.jpg\" alt=\"\" data-id=\"592\" data-link=\"http:\/\/gruporochadelli.com.br\/?attachment_id=592\" class=\"wp-image-592\" srcset=\"http:\/\/gruporochadelli.com.br\/wp-content\/uploads\/2021\/02\/servio\u00e7os15.jpg 750w, http:\/\/gruporochadelli.com.br\/wp-content\/uploads\/2021\/02\/servio\u00e7os15-300x225.jpg 300w\" sizes=\"(max-width: 750px) 100vw, 750px\" \/><\/a><\/figure><\/li><li class=\"blocks-gallery-item\"><figure><a href=\"http:\/\/gruporochadelli.com.br\/wp-content\/uploads\/2021\/02\/servio\u00e7os13-1.jpg\"><img loading=\"lazy\" width=\"750\" height=\"562\" src=\"http:\/\/gruporochadelli.com.br\/wp-content\/uploads\/2021\/02\/servio\u00e7os13-1.jpg\" alt=\"\" data-id=\"593\" data-link=\"http:\/\/gruporochadelli.com.br\/?attachment_id=593\" class=\"wp-image-593\" srcset=\"http:\/\/gruporochadelli.com.br\/wp-content\/uploads\/2021\/02\/servio\u00e7os13-1.jpg 750w, http:\/\/gruporochadelli.com.br\/wp-content\/uploads\/2021\/02\/servio\u00e7os13-1-300x225.jpg 300w\" sizes=\"(max-width: 750px) 100vw, 750px\" \/><\/a><\/figure><\/li><li class=\"blocks-gallery-item\"><figure><a href=\"http:\/\/gruporochadelli.com.br\/wp-content\/uploads\/2021\/02\/esttesteira3.jpg\"><img loading=\"lazy\" width=\"448\" height=\"336\" src=\"http:\/\/gruporochadelli.com.br\/wp-content\/uploads\/2021\/02\/esttesteira3.jpg\" alt=\"\" data-id=\"595\" data-link=\"http:\/\/gruporochadelli.com.br\/?attachment_id=595\" class=\"wp-image-595\" srcset=\"http:\/\/gruporochadelli.com.br\/wp-content\/uploads\/2021\/02\/esttesteira3.jpg 448w, http:\/\/gruporochadelli.com.br\/wp-content\/uploads\/2021\/02\/esttesteira3-300x225.jpg 300w\" sizes=\"(max-width: 448px) 100vw, 448px\" \/><\/a><\/figure><\/li><li class=\"blocks-gallery-item\"><figure><a href=\"http:\/\/gruporochadelli.com.br\/wp-content\/uploads\/2021\/02\/inst_lona01.jpg\"><img loading=\"lazy\" width=\"448\" height=\"252\" src=\"http:\/\/gruporochadelli.com.br\/wp-content\/uploads\/2021\/02\/inst_lona01.jpg\" alt=\"\" data-id=\"1264\" data-link=\"http:\/\/gruporochadelli.com.br\/index.php\/fotos-dos-servicos\/inst_lona01\/\" class=\"wp-image-1264\" srcset=\"http:\/\/gruporochadelli.com.br\/wp-content\/uploads\/2021\/02\/inst_lona01.jpg 448w, http:\/\/gruporochadelli.com.br\/wp-content\/uploads\/2021\/02\/inst_lona01-300x169.jpg 300w\" sizes=\"(max-width: 448px) 100vw, 448px\" \/><\/a><\/figure><\/li><\/ul><\/figure>\n<\/div><\/section>\n\n\n\n<section class=\"wp-block-uagb-section uagb-section__wrap uagb-section__background-color uagb-block-5d87b603\"><div class=\"uagb-section__overlay\"><\/div><div class=\"uagb-section__inner-wrap\">\n<h2 class=\"has-text-align-left has-text-color\" style=\"color:#717375;font-size:35px\">Implanta\u00e7\u00e3o de Lojas de Conveni\u00eancia e Franquias<\/h2>\n<\/div><\/section>\n\n\n\n<section class=\"wp-block-uagb-section uagb-section__wrap uagb-section__background-color uagb-block-6ff58f73\"><div class=\"uagb-section__overlay\"><\/div><div class=\"uagb-section__inner-wrap\">\n<section class=\"wp-block-uagb-columns uagb-columns__wrap uagb-columns__background-color uagb-columns__stack-mobile uagb-columns__valign-undefined uagb-columns__gap-10 alignundefined uagb-block-3eddd7c6\"><div class=\"uagb-columns__overlay\"><\/div><div class=\"uagb-columns__inner-wrap uagb-columns__columns-2\">\n<div class=\"wp-block-uagb-column uagb-column__wrap uagb-column__background-undefined uagb-block-a30c81a4\"><div class=\"uagb-column__overlay\"><\/div><div class=\"uagb-column__inner-wrap\">\n<p class=\"has-luminous-vivid-orange-color has-text-color has-medium-font-size\">Reforma-Loja-AMPM- Antes e Depois<\/p>\n\n\n\n<div class=\"wp-block-file\"><a href=\"http:\/\/gruporochadelli.com.br\/wp-content\/uploads\/2021\/02\/Reforma-Loja-AMPM-Huracan-1.pdf\">Reforma-Loja-AMPM-Huracan-1<\/a><a href=\"http:\/\/gruporochadelli.com.br\/wp-content\/uploads\/2021\/02\/Reforma-Loja-AMPM-Huracan-1.pdf\" class=\"wp-block-file__button\" download>Baixar<\/a><\/div>\n<\/div><\/div>\n\n\n\n<div class=\"wp-block-uagb-column uagb-column__wrap uagb-column__background-undefined uagb-block-1e7625ef\"><div class=\"uagb-column__overlay\"><\/div><div class=\"uagb-column__inner-wrap\">\n<p class=\"has-luminous-vivid-orange-color has-text-color\" style=\"font-size:17px\">Reforma de Loja AMPM \u2013 jet oil \u2013 Ipiranga<\/p>\n\n\n\n<div class=\"wp-block-file\"><a href=\"http:\/\/gruporochadelli.com.br\/wp-content\/uploads\/2021\/02\/DW2-com-de-comb.pdf\">DW2-com-de-comb<\/a><a href=\"http:\/\/gruporochadelli.com.br\/wp-content\/uploads\/2021\/02\/DW2-com-de-comb.pdf\" class=\"wp-block-file__button\" download>Baixar<\/a><\/div>\n<\/div><\/div>\n<\/div><\/section>\n<\/div><\/section>\n\n\n\n<section class=\"wp-block-uagb-section uagb-section__wrap uagb-section__background-image uagb-block-186f537a\"><div class=\"uagb-section__overlay\"><\/div><div class=\"uagb-section__inner-wrap\">\n<div class=\"wp-block-uagb-info-box uagb-infobox__outer-wrap uagb-block-6d6d5386\"><div class=\"uagb-infobox__content-wrap uagb-infobox uagb-infobox-has-icon uagb-infobox-icon-above-title uagb-infobox-image-valign-top uagb-infobox-enable-border-radius \"><div class=\"uagb-ifb-left-right-wrap\"><div class=\"uagb-ifb-content\"><div class=\"uagb-ifb-title-wrap\"><h1 class=\"uagb-ifb-title\">PROJETOS E MONTAGENS<\/h1><\/div><div class=\"uagb-ifb-text-wrap\"><\/div><\/div><\/div><\/div><\/div>\n\n\n\n<p><\/p>\n<\/div><\/section>\n\n\n\n<section class=\"wp-block-uagb-section uagb-section__wrap uagb-section__background-color uagb-block-e1274328\"><div class=\"uagb-section__overlay\"><\/div><div class=\"uagb-section__inner-wrap\">\n<p class=\"has-text-align-left has-medium-font-size\">Desenvolvemos e realizamos programas de manuten\u00e7\u00e3o de Imagem em postos de servi\u00e7os, assegurando a satisfa\u00e7\u00e3o total de nossos clientes com um visual limpo, moderno e agrad\u00e1vel.<\/p>\n<\/div><\/section>\n\n\n\n<section class=\"wp-block-uagb-section uagb-section__wrap uagb-section__background-color uagb-block-ca752ad1\"><div class=\"uagb-section__overlay\"><\/div><div class=\"uagb-section__inner-wrap\">\n<figure class=\"wp-block-gallery columns-4 is-cropped\"><ul class=\"blocks-gallery-grid\"><li class=\"blocks-gallery-item\"><figure><a href=\"http:\/\/gruporochadelli.com.br\/wp-content\/uploads\/2021\/02\/WhatsApp-Image-2020-10-05-at-08.08.03.jpeg\"><img loading=\"lazy\" width=\"1280\" height=\"960\" src=\"http:\/\/gruporochadelli.com.br\/wp-content\/uploads\/2021\/02\/WhatsApp-Image-2020-10-05-at-08.08.03.jpeg\" alt=\"\" data-id=\"2013\" data-full-url=\"http:\/\/gruporochadelli.com.br\/wp-content\/uploads\/2021\/02\/WhatsApp-Image-2020-10-05-at-08.08.03.jpeg\" data-link=\"http:\/\/gruporochadelli.com.br\/index.php\/fotos-dos-servicos\/whatsapp-image-2020-10-05-at-08-08-03\/\" class=\"wp-image-2013\" srcset=\"http:\/\/gruporochadelli.com.br\/wp-content\/uploads\/2021\/02\/WhatsApp-Image-2020-10-05-at-08.08.03.jpeg 1280w, http:\/\/gruporochadelli.com.br\/wp-content\/uploads\/2021\/02\/WhatsApp-Image-2020-10-05-at-08.08.03-300x225.jpeg 300w, http:\/\/gruporochadelli.com.br\/wp-content\/uploads\/2021\/02\/WhatsApp-Image-2020-10-05-at-08.08.03-1024x768.jpeg 1024w, http:\/\/gruporochadelli.com.br\/wp-content\/uploads\/2021\/02\/WhatsApp-Image-2020-10-05-at-08.08.03-768x576.jpeg 768w\" sizes=\"(max-width: 1280px) 100vw, 1280px\" \/><\/a><\/figure><\/li><li class=\"blocks-gallery-item\"><figure><a href=\"http:\/\/gruporochadelli.com.br\/wp-content\/uploads\/2021\/02\/WhatsApp-Image-2020-12-19-at-19.40.19.jpeg\"><img loading=\"lazy\" width=\"1280\" height=\"960\" src=\"http:\/\/gruporochadelli.com.br\/wp-content\/uploads\/2021\/02\/WhatsApp-Image-2020-12-19-at-19.40.19.jpeg\" alt=\"\" data-id=\"2014\" data-full-url=\"http:\/\/gruporochadelli.com.br\/wp-content\/uploads\/2021\/02\/WhatsApp-Image-2020-12-19-at-19.40.19.jpeg\" data-link=\"http:\/\/gruporochadelli.com.br\/index.php\/fotos-dos-servicos\/whatsapp-image-2020-12-19-at-19-40-19\/\" class=\"wp-image-2014\" srcset=\"http:\/\/gruporochadelli.com.br\/wp-content\/uploads\/2021\/02\/WhatsApp-Image-2020-12-19-at-19.40.19.jpeg 1280w, http:\/\/gruporochadelli.com.br\/wp-content\/uploads\/2021\/02\/WhatsApp-Image-2020-12-19-at-19.40.19-300x225.jpeg 300w, http:\/\/gruporochadelli.com.br\/wp-content\/uploads\/2021\/02\/WhatsApp-Image-2020-12-19-at-19.40.19-1024x768.jpeg 1024w, http:\/\/gruporochadelli.com.br\/wp-content\/uploads\/2021\/02\/WhatsApp-Image-2020-12-19-at-19.40.19-768x576.jpeg 768w\" sizes=\"(max-width: 1280px) 100vw, 1280px\" \/><\/a><\/figure><\/li><li class=\"blocks-gallery-item\"><figure><a href=\"http:\/\/gruporochadelli.com.br\/wp-content\/uploads\/2021\/02\/servio\u00e7os7.jpg\"><img loading=\"lazy\" width=\"750\" height=\"560\" src=\"http:\/\/gruporochadelli.com.br\/wp-content\/uploads\/2021\/02\/servio\u00e7os7.jpg\" alt=\"\" data-id=\"143\" data-full-url=\"http:\/\/gruporochadelli.com.br\/wp-content\/uploads\/2021\/02\/servio\u00e7os7.jpg\" data-link=\"http:\/\/gruporochadelli.com.br\/index.php\/home\/serviocos7\/\" class=\"wp-image-143\" srcset=\"http:\/\/gruporochadelli.com.br\/wp-content\/uploads\/2021\/02\/servio\u00e7os7.jpg 750w, http:\/\/gruporochadelli.com.br\/wp-content\/uploads\/2021\/02\/servio\u00e7os7-300x224.jpg 300w\" sizes=\"(max-width: 750px) 100vw, 750px\" \/><\/a><\/figure><\/li><li class=\"blocks-gallery-item\"><figure><a href=\"http:\/\/gruporochadelli.com.br\/wp-content\/uploads\/2021\/02\/servio\u00e7os5.jpg\"><img loading=\"lazy\" width=\"750\" height=\"562\" src=\"http:\/\/gruporochadelli.com.br\/wp-content\/uploads\/2021\/02\/servio\u00e7os5.jpg\" alt=\"\" data-id=\"141\" data-full-url=\"http:\/\/gruporochadelli.com.br\/wp-content\/uploads\/2021\/02\/servio\u00e7os5.jpg\" data-link=\"http:\/\/gruporochadelli.com.br\/index.php\/home\/serviocos5\/\" class=\"wp-image-141\" srcset=\"http:\/\/gruporochadelli.com.br\/wp-content\/uploads\/2021\/02\/servio\u00e7os5.jpg 750w, http:\/\/gruporochadelli.com.br\/wp-content\/uploads\/2021\/02\/servio\u00e7os5-300x225.jpg 300w\" sizes=\"(max-width: 750px) 100vw, 750px\" \/><\/a><\/figure><\/li><li class=\"blocks-gallery-item\"><figure><a href=\"http:\/\/gruporochadelli.com.br\/wp-content\/uploads\/2021\/02\/servio\u00e7os6.jpg\"><img loading=\"lazy\" width=\"750\" height=\"562\" src=\"http:\/\/gruporochadelli.com.br\/wp-content\/uploads\/2021\/02\/servio\u00e7os6.jpg\" alt=\"\" data-id=\"142\" data-full-url=\"http:\/\/gruporochadelli.com.br\/wp-content\/uploads\/2021\/02\/servio\u00e7os6.jpg\" data-link=\"http:\/\/gruporochadelli.com.br\/index.php\/home\/serviocos6\/\" class=\"wp-image-142\" srcset=\"http:\/\/gruporochadelli.com.br\/wp-content\/uploads\/2021\/02\/servio\u00e7os6.jpg 750w, http:\/\/gruporochadelli.com.br\/wp-content\/uploads\/2021\/02\/servio\u00e7os6-300x225.jpg 300w\" sizes=\"(max-width: 750px) 100vw, 750px\" \/><\/a><\/figure><\/li><li class=\"blocks-gallery-item\"><figure><a href=\"http:\/\/gruporochadelli.com.br\/wp-content\/uploads\/2021\/02\/servio\u00e7os3.jpg\"><img loading=\"lazy\" width=\"750\" height=\"562\" src=\"http:\/\/gruporochadelli.com.br\/wp-content\/uploads\/2021\/02\/servio\u00e7os3.jpg\" alt=\"\" data-id=\"139\" data-full-url=\"http:\/\/gruporochadelli.com.br\/wp-content\/uploads\/2021\/02\/servio\u00e7os3.jpg\" data-link=\"http:\/\/gruporochadelli.com.br\/index.php\/home\/serviocos3\/\" class=\"wp-image-139\" srcset=\"http:\/\/gruporochadelli.com.br\/wp-content\/uploads\/2021\/02\/servio\u00e7os3.jpg 750w, http:\/\/gruporochadelli.com.br\/wp-content\/uploads\/2021\/02\/servio\u00e7os3-300x225.jpg 300w\" sizes=\"(max-width: 750px) 100vw, 750px\" \/><\/a><\/figure><\/li><li class=\"blocks-gallery-item\"><figure><a href=\"http:\/\/gruporochadelli.com.br\/wp-content\/uploads\/2021\/02\/servio\u00e7os1.jpg\"><img loading=\"lazy\" width=\"750\" height=\"562\" src=\"http:\/\/gruporochadelli.com.br\/wp-content\/uploads\/2021\/02\/servio\u00e7os1.jpg\" alt=\"\" data-id=\"137\" data-full-url=\"http:\/\/gruporochadelli.com.br\/wp-content\/uploads\/2021\/02\/servio\u00e7os1.jpg\" data-link=\"http:\/\/gruporochadelli.com.br\/index.php\/home\/serviocos1\/\" class=\"wp-image-137\" srcset=\"http:\/\/gruporochadelli.com.br\/wp-content\/uploads\/2021\/02\/servio\u00e7os1.jpg 750w, http:\/\/gruporochadelli.com.br\/wp-content\/uploads\/2021\/02\/servio\u00e7os1-300x225.jpg 300w\" sizes=\"(max-width: 750px) 100vw, 750px\" \/><\/a><\/figure><\/li><li class=\"blocks-gallery-item\"><figure><a href=\"http:\/\/gruporochadelli.com.br\/wp-content\/uploads\/2021\/02\/WhatsApp-Image-2020-11-17-at-08.29.37.jpeg\"><img loading=\"lazy\" width=\"1280\" height=\"960\" src=\"http:\/\/gruporochadelli.com.br\/wp-content\/uploads\/2021\/02\/WhatsApp-Image-2020-11-17-at-08.29.37.jpeg\" alt=\"\" data-id=\"2015\" data-full-url=\"http:\/\/gruporochadelli.com.br\/wp-content\/uploads\/2021\/02\/WhatsApp-Image-2020-11-17-at-08.29.37.jpeg\" data-link=\"http:\/\/gruporochadelli.com.br\/index.php\/fotos-dos-servicos\/whatsapp-image-2020-11-17-at-08-29-37\/\" class=\"wp-image-2015\" srcset=\"http:\/\/gruporochadelli.com.br\/wp-content\/uploads\/2021\/02\/WhatsApp-Image-2020-11-17-at-08.29.37.jpeg 1280w, http:\/\/gruporochadelli.com.br\/wp-content\/uploads\/2021\/02\/WhatsApp-Image-2020-11-17-at-08.29.37-300x225.jpeg 300w, http:\/\/gruporochadelli.com.br\/wp-content\/uploads\/2021\/02\/WhatsApp-Image-2020-11-17-at-08.29.37-1024x768.jpeg 1024w, http:\/\/gruporochadelli.com.br\/wp-content\/uploads\/2021\/02\/WhatsApp-Image-2020-11-17-at-08.29.37-768x576.jpeg 768w\" sizes=\"(max-width: 1280px) 100vw, 1280px\" \/><\/a><\/figure><\/li><\/ul><\/figure>\n\n\n\n<p><\/p>\n<\/div><\/section>\n\n\n\n<section class=\"wp-block-uagb-section uagb-section__wrap uagb-section__background-color uagb-block-fea46ba8\"><div class=\"uagb-section__overlay\"><\/div><div class=\"uagb-section__inner-wrap\">\n<div class=\"wp-block-buttons aligncenter\">\n<div class=\"wp-block-button\"><a class=\"wp-block-button__link has-text-color has-background\" href=\"https:\/\/api.whatsapp.com\/send?phone=554136630520&amp;text=Gostaria%20de%20mais%20informa%C3%A7%C3%B5es%20sobre%20Manuten%C3%A7%C3%A3o%20da%20Imagem\" style=\"border-radius:30px;background-color:#100037;color:#ffffff\" target=\"_blank\" rel=\"noopener\">SOLICITE OR\u00c7AMENTO<\/a><\/div>\n<\/div>\n<\/div><\/section>\n\n\n\n<section class=\"wp-block-uagb-section uagb-section__wrap uagb-section__background-undefined uagb-block-cc0c1de3\"><div class=\"uagb-section__overlay\"><\/div><div class=\"uagb-section__inner-wrap\"><\/div><\/section>\n\n\n\n<section class=\"wp-block-uagb-section uagb-section__wrap uagb-section__background-color uagb-block-6483d5bc\"><div class=\"uagb-section__overlay\"><\/div><div class=\"uagb-section__inner-wrap\">\n<section class=\"wp-block-uagb-section uagb-section__wrap uagb-section__background-color uagb-block-8ee913ea\"><div class=\"uagb-section__overlay\"><\/div><div class=\"uagb-section__inner-wrap\">\n<section class=\"wp-block-uagb-columns uagb-columns__wrap uagb-columns__background-undefined uagb-columns__stack-mobile uagb-columns__valign-undefined uagb-columns__gap-10 alignundefined uagb-block-e7df58aa\"><div class=\"uagb-columns__overlay\"><\/div><div class=\"uagb-columns__inner-wrap uagb-columns__columns-3\">\n<div class=\"wp-block-uagb-column uagb-column__wrap uagb-column__background-undefined uagb-block-f2b3a3a1\"><div class=\"uagb-column__overlay\"><\/div><div class=\"uagb-column__inner-wrap\">\n<div class=\"wp-block-uagb-info-box uagb-infobox__outer-wrap uagb-block-45262fad\"><div class=\"uagb-infobox__content-wrap uagb-infobox uagb-infobox-has-icon uagb-infobox-icon-above-title uagb-infobox-image-valign-top uagb-infobox-enable-border-radius \"><div class=\"uagb-ifb-left-right-wrap\"><div class=\"uagb-ifb-content\"><div class=\"uagb-ifb-title-wrap\"><h4 class=\"uagb-ifb-title\">Canais de Atendimento<\/h4><\/div><div class=\"uagb-ifb-text-wrap\"><p class=\"uagb-ifb-desc\">Whatsapp: (41) 3663-0520<br>Telefone: (41)  3621-1210<br>E-mail: janete@rochadelli.com.br <\/p><\/div><\/div><\/div><\/div><\/div>\n<\/div><\/div>\n\n\n\n<div class=\"wp-block-uagb-column uagb-column__wrap uagb-column__background-undefined uagb-block-5aa574b0\"><div class=\"uagb-column__overlay\"><\/div><div class=\"uagb-column__inner-wrap\">\n<div class=\"wp-block-uagb-info-box uagb-infobox__outer-wrap uagb-block-0b681a54\"><div class=\"uagb-infobox__content-wrap uagb-infobox uagb-infobox-has-icon uagb-infobox-icon-above-title uagb-infobox-image-valign-top uagb-infobox-enable-border-radius \"><div class=\"uagb-ifb-left-right-wrap\"><div class=\"uagb-ifb-content\"><div class=\"uagb-ifb-title-wrap\"><h3 class=\"uagb-ifb-title\">Acesso<\/h3><\/div><div class=\"uagb-ifb-text-wrap\"><p class=\"uagb-ifb-desc\"><a href=\"http:\/\/gruporochadelli.com.br\/\">Home<\/a><br><a href=\"http:\/\/gruporochadelli.com.br\/index.php\/quem-somos\/\">Quem Somos<\/a><br><a href=\"http:\/\/gruporochadelli.com.br\/index.php\/servicos\/\">Servi\u00e7os<\/a><br><a href=\"http:\/\/gruporochadelli.com.br\/index.php\/incorporadora\/\">Incorporadora<\/a><br><a href=\"http:\/\/gruporochadelli.com.br\/index.php\/farmacia\/\">Farm\u00e1cia<\/a><br><a href=\"http:\/\/gruporochadelli.com.br\/index.php\/area-do-cliente\/\">PMI<\/a><br><a href=\"http:\/\/gruporochadelli.com.br\/index.php\/contato-2\/\">Contato<\/a><br><\/p><\/div><\/div><\/div><\/div><\/div>\n<\/div><\/div>\n\n\n\n<div class=\"wp-block-uagb-column uagb-column__wrap uagb-column__background-undefined uagb-block-68b2414b\"><div class=\"uagb-column__overlay\"><\/div><div class=\"uagb-column__inner-wrap\">\n<div class=\"wp-block-uagb-info-box uagb-infobox__outer-wrap uagb-block-24dad2e5\"><div class=\"uagb-infobox__content-wrap uagb-infobox uagb-infobox-has-icon uagb-infobox-icon-below-title uagb-infobox-image-valign-top uagb-infobox-enable-border-radius \"><div class=\"uagb-ifb-left-right-wrap\"><div class=\"uagb-ifb-content\"><div class=\"uagb-ifb-title-wrap\"><h3 class=\"uagb-ifb-title\">Paran\u00e1<\/h3><\/div><div class=\"uagb-ifb-image-icon-content uagb-ifb-imgicon-wrap\"><div class=\"uagb-ifb-icon-wrap\"><span class=\"uagb-ifb-icon\"><svg xmlns=\"http:\/\/www.w3.org\/2000\/svg\" viewbox=\"0 0 384 512\"><path d=\"M172.268 501.67C26.97 291.031 0 269.413 0 192 0 85.961 85.961 0 192 0s192 85.961 192 192c0 77.413-26.97 99.031-172.268 309.67-9.535 13.774-29.93 13.773-39.464 0zM192 272c44.183 0 80-35.817 80-80s-35.817-80-80-80-80 35.817-80 80 35.817 80 80 80z\"><\/path><\/svg><\/span><\/div><\/div><div class=\"uagb-ifb-text-wrap\"><p class=\"uagb-ifb-desc\">Travessa La Paz, 16 &#8211; Campo Pequeno &#8211; COLOMBO \u2013 PR<\/p><div class=\"uagb-ifb-separator-parent\"><div class=\"uagb-ifb-separator\"><\/div><\/div><\/div><\/div><\/div><\/div><\/div>\n\n\n\n<div class=\"wp-block-uagb-info-box uagb-infobox__outer-wrap uagb-block-8130c13d\"><div class=\"uagb-infobox__content-wrap uagb-infobox uagb-infobox-has-icon uagb-infobox-icon-below-title uagb-infobox-image-valign-top uagb-infobox-enable-border-radius \"><div class=\"uagb-ifb-left-right-wrap\"><div class=\"uagb-ifb-content\"><div class=\"uagb-ifb-title-wrap\"><h4 class=\"uagb-ifb-title\">RIO GRANDE DO SUL<\/h4><\/div><div class=\"uagb-ifb-image-icon-content uagb-ifb-imgicon-wrap\"><div class=\"uagb-ifb-icon-wrap\"><span class=\"uagb-ifb-icon\"><svg xmlns=\"http:\/\/www.w3.org\/2000\/svg\" viewbox=\"0 0 384 512\"><path d=\"M172.268 501.67C26.97 291.031 0 269.413 0 192 0 85.961 85.961 0 192 0s192 85.961 192 192c0 77.413-26.97 99.031-172.268 309.67-9.535 13.774-29.93 13.773-39.464 0zM192 272c44.183 0 80-35.817 80-80s-35.817-80-80-80-80 35.817-80 80 35.817 80 80 80z\"><\/path><\/svg><\/span><\/div><\/div><div class=\"uagb-ifb-text-wrap\"><p class=\"uagb-ifb-desc\">Rua Borges de Medeiros, 972<br>Niter\u00f3i \u2013 Canoas \u2013 RS.<\/p><\/div><\/div><\/div><\/div><\/div>\n<\/div><\/div>\n<\/div><\/section>\n<\/div><\/section>\n<\/div><\/section>\n","protected":false},"excerpt":{"rendered":"","protected":false},"author":1,"featured_media":0,"parent":0,"menu_order":0,"comment_status":"closed","ping_status":"closed","template":"","meta":[],"uagb_featured_image_src":{"full":false,"thumbnail":false,"medium":false,"medium_large":false,"large":false,"1536x1536":false,"2048x2048":false},"uagb_author_info":{"display_name":"RjmkzIkyCE","author_link":"http:\/\/gruporochadelli.com.br\/index.php\/author\/rjmkzikyce\/"},"uagb_comment_info":0,"uagb_excerpt":null,"_links":{"self":[{"href":"http:\/\/gruporochadelli.com.br\/index.php\/wp-json\/wp\/v2\/pages\/587"}],"collection":[{"href":"http:\/\/gruporochadelli.com.br\/index.php\/wp-json\/wp\/v2\/pages"}],"about":[{"href":"http:\/\/gruporochadelli.com.br\/index.php\/wp-json\/wp\/v2\/types\/page"}],"author":[{"embeddable":true,"href":"http:\/\/gruporochadelli.com.br\/index.php\/wp-json\/wp\/v2\/users\/1"}],"replies":[{"embeddable":true,"href":"http:\/\/gruporochadelli.com.br\/index.php\/wp-json\/wp\/v2\/comments?post=587"}],"version-history":[{"count":133,"href":"http:\/\/gruporochadelli.com.br\/index.php\/wp-json\/wp\/v2\/pages\/587\/revisions"}],"predecessor-version":[{"id":4643,"href":"http:\/\/gruporochadelli.com.br\/index.php\/wp-json\/wp\/v2\/pages\/587\/revisions\/4643"}],"wp:attachment":[{"href":"http:\/\/gruporochadelli.com.br\/index.php\/wp-json\/wp\/v2\/media?parent=587"}],"curies":[{"name":"wp","href":"https:\/\/api.w.org\/{rel}","templated":true}]}}